{"id":749,"date":"2020-04-02T13:29:58","date_gmt":"2020-04-02T18:29:58","guid":{"rendered":"https:\/\/expoganados.com\/?page_id=749"},"modified":"2023-10-13T10:19:19","modified_gmt":"2023-10-13T15:19:19","slug":"sistema-de-porcionador-inteligente","status":"publish","type":"page","link":"https:\/\/expoganados.com\/en\/smart-portioning-system\/","title":{"rendered":"SISTEMA DE PORCIONADOR INTELIGENTE"},"content":{"rendered":"<div data-elementor-type=\"wp-page\" data-elementor-id=\"749\" class=\"elementor elementor-749\" data-elementor-settings=\"{&quot;ha_cmc_init_switcher&quot;:&quot;no&quot;}\" data-elementor-post-type=\"page\">\n\t\t\t\t\t\t<section class=\"elementor-section elementor-top-section elementor-element elementor-element-424c0b9 elementor-section-boxed elementor-section-height-default elementor-section-height-default\" data-id=\"424c0b9\" data-element_type=\"section\" data-e-type=\"section\" data-settings=\"{&quot;_ha_eqh_enable&quot;:false}\">\n\t\t\t\t\t\t<div class=\"elementor-container elementor-column-gap-default\">\n\t\t\t\t\t<div class=\"elementor-column elementor-col-100 elementor-top-column elementor-element elementor-element-50eca98\" data-id=\"50eca98\" data-element_type=\"column\" data-e-type=\"column\">\n\t\t\t<div class=\"elementor-widget-wrap elementor-element-populated\">\n\t\t\t\t\t\t<div class=\"elementor-element elementor-element-c0c5197 elementor-widget elementor-widget-heading\" data-id=\"c0c5197\" data-element_type=\"widget\" data-e-type=\"widget\" data-widget_type=\"heading.default\">\n\t\t\t\t<div class=\"elementor-widget-container\">\n\t\t\t\t\t<h1 class=\"elementor-heading-title elementor-size-default\">Smart portioning system<\/h1>\t\t\t\t<\/div>\n\t\t\t\t<\/div>\n\t\t\t\t<section class=\"elementor-section elementor-inner-section elementor-element elementor-element-2483ba6 elementor-section-content-middle elementor-reverse-mobile elementor-section-boxed elementor-section-height-default elementor-section-height-default\" data-id=\"2483ba6\" data-element_type=\"section\" data-e-type=\"section\" data-settings=\"{&quot;_ha_eqh_enable&quot;:false}\">\n\t\t\t\t\t\t<div class=\"elementor-container elementor-column-gap-default\">\n\t\t\t\t\t<div class=\"elementor-column elementor-col-50 elementor-inner-column elementor-element elementor-element-26cae2a\" data-id=\"26cae2a\" data-element_type=\"column\" data-e-type=\"column\">\n\t\t\t<div class=\"elementor-widget-wrap elementor-element-populated\">\n\t\t\t\t\t\t<div class=\"elementor-element elementor-element-89216f3 elementor-widget elementor-widget-text-editor\" data-id=\"89216f3\" data-element_type=\"widget\" data-e-type=\"widget\" data-widget_type=\"text-editor.default\">\n\t\t\t\t<div class=\"elementor-widget-container\">\n\t\t\t\t\t\t\t\t\t<p>Expoganados has an intelligent portioning system that allows the transformation of sections (pieces of beef in the middle of the leg) to special cuts, thus complying with all the required specifications of portion size, weight, and length for distribution and consumption according to your demands.<\/p>\t\t\t\t\t\t\t\t<\/div>\n\t\t\t\t<\/div>\n\t\t\t\t\t<\/div>\n\t\t<\/div>\n\t\t\t\t<div class=\"elementor-column elementor-col-50 elementor-inner-column elementor-element elementor-element-a5d86df\" data-id=\"a5d86df\" data-element_type=\"column\" data-e-type=\"column\">\n\t\t\t<div class=\"elementor-widget-wrap elementor-element-populated\">\n\t\t\t\t\t\t<div class=\"elementor-element elementor-element-5ee923c elementor-widget elementor-widget-image\" data-id=\"5ee923c\" data-element_type=\"widget\" data-e-type=\"widget\" data-widget_type=\"image.default\">\n\t\t\t\t<div class=\"elementor-widget-container\">\n\t\t\t\t\t\t\t\t\t\t\t\t\t\t\t<img fetchpriority=\"high\" decoding=\"async\" width=\"1024\" height=\"768\" src=\"https:\/\/expoganados.com\/wp-content\/uploads\/2023\/09\/WhatsApp-Image-2023-09-14-at-13.26.33-1024x768.jpeg\" class=\"attachment-large size-large wp-image-2106\" alt=\"\" srcset=\"https:\/\/expoganados.com\/wp-content\/uploads\/2023\/09\/WhatsApp-Image-2023-09-14-at-13.26.33-1024x768.jpeg 1024w, https:\/\/expoganados.com\/wp-content\/uploads\/2023\/09\/WhatsApp-Image-2023-09-14-at-13.26.33-300x225.jpeg 300w, https:\/\/expoganados.com\/wp-content\/uploads\/2023\/09\/WhatsApp-Image-2023-09-14-at-13.26.33-768x576.jpeg 768w, https:\/\/expoganados.com\/wp-content\/uploads\/2023\/09\/WhatsApp-Image-2023-09-14-at-13.26.33-1536x1152.jpeg 1536w, https:\/\/expoganados.com\/wp-content\/uploads\/2023\/09\/WhatsApp-Image-2023-09-14-at-13.26.33.jpeg 1600w\" sizes=\"(max-width: 1024px) 100vw, 1024px\" \/>\t\t\t\t\t\t\t\t\t\t\t\t\t\t\t<\/div>\n\t\t\t\t<\/div>\n\t\t\t\t\t<\/div>\n\t\t<\/div>\n\t\t\t\t\t<\/div>\n\t\t<\/section>\n\t\t\t\t<section class=\"elementor-section elementor-inner-section elementor-element elementor-element-c1c92fb elementor-section-content-middle elementor-section-boxed elementor-section-height-default elementor-section-height-default\" data-id=\"c1c92fb\" data-element_type=\"section\" data-e-type=\"section\" data-settings=\"{&quot;_ha_eqh_enable&quot;:false}\">\n\t\t\t\t\t\t<div class=\"elementor-container elementor-column-gap-default\">\n\t\t\t\t\t<div class=\"elementor-column elementor-col-50 elementor-inner-column elementor-element elementor-element-21d2d8b\" data-id=\"21d2d8b\" data-element_type=\"column\" data-e-type=\"column\">\n\t\t\t<div class=\"elementor-widget-wrap elementor-element-populated\">\n\t\t\t\t\t\t<div class=\"elementor-element elementor-element-67282dc elementor-widget elementor-widget-image\" data-id=\"67282dc\" data-element_type=\"widget\" data-e-type=\"widget\" data-widget_type=\"image.default\">\n\t\t\t\t<div class=\"elementor-widget-container\">\n\t\t\t\t\t\t\t\t\t\t\t\t\t\t\t<img decoding=\"async\" width=\"1024\" height=\"768\" src=\"https:\/\/expoganados.com\/wp-content\/uploads\/2023\/09\/WhatsApp-Image-2023-09-14-at-13.26.32-1-1024x768.jpeg\" class=\"attachment-large size-large wp-image-2107\" alt=\"\" srcset=\"https:\/\/expoganados.com\/wp-content\/uploads\/2023\/09\/WhatsApp-Image-2023-09-14-at-13.26.32-1-1024x768.jpeg 1024w, https:\/\/expoganados.com\/wp-content\/uploads\/2023\/09\/WhatsApp-Image-2023-09-14-at-13.26.32-1-300x225.jpeg 300w, https:\/\/expoganados.com\/wp-content\/uploads\/2023\/09\/WhatsApp-Image-2023-09-14-at-13.26.32-1-768x576.jpeg 768w, https:\/\/expoganados.com\/wp-content\/uploads\/2023\/09\/WhatsApp-Image-2023-09-14-at-13.26.32-1-1536x1152.jpeg 1536w, https:\/\/expoganados.com\/wp-content\/uploads\/2023\/09\/WhatsApp-Image-2023-09-14-at-13.26.32-1.jpeg 1600w\" sizes=\"(max-width: 1024px) 100vw, 1024px\" \/>\t\t\t\t\t\t\t\t\t\t\t\t\t\t\t<\/div>\n\t\t\t\t<\/div>\n\t\t\t\t\t<\/div>\n\t\t<\/div>\n\t\t\t\t<div class=\"elementor-column elementor-col-50 elementor-inner-column elementor-element elementor-element-dcd2e0f\" data-id=\"dcd2e0f\" data-element_type=\"column\" data-e-type=\"column\">\n\t\t\t<div class=\"elementor-widget-wrap elementor-element-populated\">\n\t\t\t\t\t\t<div class=\"elementor-element elementor-element-a6a2757 elementor-widget elementor-widget-text-editor\" data-id=\"a6a2757\" data-element_type=\"widget\" data-e-type=\"widget\" data-widget_type=\"text-editor.default\">\n\t\t\t\t<div class=\"elementor-widget-container\">\n\t\t\t\t\t\t\t\t\t<p>It also offers the vacuum packing process guaranteeing the conservation of the product, a longer shelf life, a product of excellent quality, and a better presentation of the product based on national and international market demand.<\/p>\t\t\t\t\t\t\t\t<\/div>\n\t\t\t\t<\/div>\n\t\t\t\t\t<\/div>\n\t\t<\/div>\n\t\t\t\t\t<\/div>\n\t\t<\/section>\n\t\t\t\t<section class=\"elementor-section elementor-inner-section elementor-element elementor-element-417d3ce elementor-section-content-middle elementor-reverse-mobile elementor-section-boxed elementor-section-height-default elementor-section-height-default\" data-id=\"417d3ce\" data-element_type=\"section\" data-e-type=\"section\" data-settings=\"{&quot;_ha_eqh_enable&quot;:false}\">\n\t\t\t\t\t\t<div class=\"elementor-container elementor-column-gap-default\">\n\t\t\t\t\t<div class=\"elementor-column elementor-col-50 elementor-inner-column elementor-element elementor-element-02e0564\" data-id=\"02e0564\" data-element_type=\"column\" data-e-type=\"column\">\n\t\t\t<div class=\"elementor-widget-wrap elementor-element-populated\">\n\t\t\t\t\t\t<div class=\"elementor-element elementor-element-af2fc79 elementor-widget elementor-widget-text-editor\" data-id=\"af2fc79\" data-element_type=\"widget\" data-e-type=\"widget\" data-widget_type=\"text-editor.default\">\n\t\t\t\t<div class=\"elementor-widget-container\">\n\t\t\t\t\t\t\t\t\t<p>For a better identification of the portioned product, Expoganados offers a labeling system. It is a sticker that contains all the information required by current regulations: name of the cut, process date, expiration date, lot, weight, processing plant information, and plant authorization, this label is placed visibly on the portioned product.<\/p>\t\t\t\t\t\t\t\t<\/div>\n\t\t\t\t<\/div>\n\t\t\t\t\t<\/div>\n\t\t<\/div>\n\t\t\t\t<div class=\"elementor-column elementor-col-50 elementor-inner-column elementor-element elementor-element-44b1b11\" data-id=\"44b1b11\" data-element_type=\"column\" data-e-type=\"column\">\n\t\t\t<div class=\"elementor-widget-wrap elementor-element-populated\">\n\t\t\t\t\t\t<div class=\"elementor-element elementor-element-674ac4c elementor-widget elementor-widget-image\" data-id=\"674ac4c\" data-element_type=\"widget\" data-e-type=\"widget\" data-widget_type=\"image.default\">\n\t\t\t\t<div class=\"elementor-widget-container\">\n\t\t\t\t\t\t\t\t\t\t\t\t\t\t\t<img decoding=\"async\" width=\"1024\" height=\"768\" src=\"https:\/\/expoganados.com\/wp-content\/uploads\/2023\/09\/WhatsApp-Image-2023-09-14-at-13.26.32-1024x768.jpeg\" class=\"attachment-large size-large wp-image-2108\" alt=\"\" srcset=\"https:\/\/expoganados.com\/wp-content\/uploads\/2023\/09\/WhatsApp-Image-2023-09-14-at-13.26.32-1024x768.jpeg 1024w, https:\/\/expoganados.com\/wp-content\/uploads\/2023\/09\/WhatsApp-Image-2023-09-14-at-13.26.32-300x225.jpeg 300w, https:\/\/expoganados.com\/wp-content\/uploads\/2023\/09\/WhatsApp-Image-2023-09-14-at-13.26.32-768x576.jpeg 768w, https:\/\/expoganados.com\/wp-content\/uploads\/2023\/09\/WhatsApp-Image-2023-09-14-at-13.26.32-1536x1152.jpeg 1536w, https:\/\/expoganados.com\/wp-content\/uploads\/2023\/09\/WhatsApp-Image-2023-09-14-at-13.26.32.jpeg 1600w\" sizes=\"(max-width: 1024px) 100vw, 1024px\" \/>\t\t\t\t\t\t\t\t\t\t\t\t\t\t\t<\/div>\n\t\t\t\t<\/div>\n\t\t\t\t\t<\/div>\n\t\t<\/div>\n\t\t\t\t\t<\/div>\n\t\t<\/section>\n\t\t\t\t\t<\/div>\n\t\t<\/div>\n\t\t\t\t\t<\/div>\n\t\t<\/section>\n\t\t\t\t<\/div>","protected":false},"excerpt":{"rendered":"<p>Sistema de porcionador inteligente Expoganados cuenta con el Sistema de porcionador inteligente que le permite la transformaci\u00f3n de postas (Pieza de carne de ganado vacuno que se encuentra en medio de la pierna) a cortes especiales, cumpliendo as\u00ed con todas las especificaciones requeridas de tama\u00f1o de porci\u00f3n, peso y longitud para su distribuci\u00f3n y consumo &hellip;<\/p>\n<p class=\"read-more\"> <a class=\"\" href=\"https:\/\/expoganados.com\/en\/smart-portioning-system\/\"> <span class=\"screen-reader-text\">SISTEMA DE PORCIONADOR INTELIGENTE<\/span> Read More \u00bb<\/a><\/p>","protected":false},"author":1,"featured_media":0,"parent":0,"menu_order":0,"comment_status":"closed","ping_status":"closed","template":"","meta":{"site-sidebar-layout":"no-sidebar","site-content-layout":"page-builder","ast-global-header-display":"","ast-main-header-display":"","ast-hfb-above-header-display":"","ast-hfb-below-header-display":"","ast-hfb-mobile-header-display":"","site-post-title":"disabled","ast-breadcrumbs-content":"","ast-featured-img":"disabled","footer-sml-layout":"","theme-transparent-header-meta":"default","adv-header-id-meta":"","stick-header-meta":"default","header-above-stick-meta":"","header-main-stick-meta":"","header-below-stick-meta":"","footnotes":""},"class_list":["post-749","page","type-page","status-publish","hentry"],"_links":{"self":[{"href":"https:\/\/expoganados.com\/en\/wp-json\/wp\/v2\/pages\/749","targetHints":{"allow":["GET"]}}],"collection":[{"href":"https:\/\/expoganados.com\/en\/wp-json\/wp\/v2\/pages"}],"about":[{"href":"https:\/\/expoganados.com\/en\/wp-json\/wp\/v2\/types\/page"}],"author":[{"embeddable":true,"href":"https:\/\/expoganados.com\/en\/wp-json\/wp\/v2\/users\/1"}],"replies":[{"embeddable":true,"href":"https:\/\/expoganados.com\/en\/wp-json\/wp\/v2\/comments?post=749"}],"version-history":[{"count":0,"href":"https:\/\/expoganados.com\/en\/wp-json\/wp\/v2\/pages\/749\/revisions"}],"wp:attachment":[{"href":"https:\/\/expoganados.com\/en\/wp-json\/wp\/v2\/media?parent=749"}],"curies":[{"name":"wp","href":"https:\/\/api.w.org\/{rel}","templated":true}]}}