{"id":742,"date":"2020-04-02T13:27:04","date_gmt":"2020-04-02T18:27:04","guid":{"rendered":"https:\/\/expoganados.com\/?page_id=742"},"modified":"2020-09-01T22:54:24","modified_gmt":"2020-09-02T03:54:24","slug":"carnes-despostadas-empacadas-al-vacio","status":"publish","type":"page","link":"https:\/\/expoganados.com\/en\/carnes-despostadas-empacadas-al-vacio\/","title":{"rendered":"CARNES DESPOSTADAS EMPACADAS AL VAC\u00cdO"},"content":{"rendered":"<div data-elementor-type=\"wp-page\" data-elementor-id=\"742\" class=\"elementor elementor-742\" data-elementor-settings=\"{&quot;ha_cmc_init_switcher&quot;:&quot;no&quot;}\">\n\t\t\t\t\t\t<section class=\"elementor-section elementor-top-section elementor-element elementor-element-4509000 elementor-section-boxed elementor-section-height-default elementor-section-height-default\" data-id=\"4509000\" data-element_type=\"section\" data-e-type=\"section\" data-settings=\"{&quot;_ha_eqh_enable&quot;:false}\">\n\t\t\t\t\t\t<div class=\"elementor-container elementor-column-gap-default\">\n\t\t\t\t\t<div class=\"elementor-column elementor-col-100 elementor-top-column elementor-element elementor-element-fa7f9bb\" data-id=\"fa7f9bb\" data-element_type=\"column\" data-e-type=\"column\">\n\t\t\t<div class=\"elementor-widget-wrap elementor-element-populated\">\n\t\t\t\t\t\t<section class=\"elementor-section elementor-inner-section elementor-element elementor-element-84b1487 elementor-section-content-middle elementor-section-boxed elementor-section-height-default elementor-section-height-default\" data-id=\"84b1487\" data-element_type=\"section\" data-e-type=\"section\" data-settings=\"{&quot;_ha_eqh_enable&quot;:false}\">\n\t\t\t\t\t\t<div class=\"elementor-container elementor-column-gap-default\">\n\t\t\t\t\t<div class=\"elementor-column elementor-col-50 elementor-inner-column elementor-element elementor-element-b756439\" data-id=\"b756439\" data-element_type=\"column\" data-e-type=\"column\">\n\t\t\t<div class=\"elementor-widget-wrap elementor-element-populated\">\n\t\t\t\t\t\t<div class=\"elementor-element elementor-element-e69277a elementor-vertical-align-top elementor-widget elementor-widget-image-box\" data-id=\"e69277a\" data-element_type=\"widget\" data-e-type=\"widget\" data-widget_type=\"image-box.default\">\n\t\t\t\t<div class=\"elementor-widget-container\">\n\t\t\t\t\t<div class=\"elementor-image-box-wrapper\"><div class=\"elementor-image-box-content\"><h2 class=\"elementor-image-box-title\">CARNES DESPOSTADAS Y EMPACADAS AL VAC\u00cdO<\/h2><p class=\"elementor-image-box-description\">El desposte de la carne es el proceso mediante el cual se retira la carne del hueso despu\u00e9s de haber realizado su maduraci\u00f3n. Es una de las soluciones m\u00e1s eficientes contra el desperdicio tanto para la industria como para el consumidor, ya que puede extender la vida \u00fatil de los alimentos el doble de tiempo, permitiendo que productos perecederos tengan una mejor distribuci\u00f3n y una comercializaci\u00f3n mucho m\u00e1s amplia.<\/p><\/div><\/div>\t\t\t\t<\/div>\n\t\t\t\t<\/div>\n\t\t\t\t\t<\/div>\n\t\t<\/div>\n\t\t\t\t<div class=\"elementor-column elementor-col-50 elementor-inner-column elementor-element elementor-element-5276e00\" data-id=\"5276e00\" data-element_type=\"column\" data-e-type=\"column\">\n\t\t\t<div class=\"elementor-widget-wrap elementor-element-populated\">\n\t\t\t\t\t\t<div class=\"elementor-element elementor-element-852b3a6 elementor-widget elementor-widget-image\" data-id=\"852b3a6\" data-element_type=\"widget\" data-e-type=\"widget\" data-widget_type=\"image.default\">\n\t\t\t\t<div class=\"elementor-widget-container\">\n\t\t\t\t\t\t\t\t\t\t\t\t\t\t\t<img fetchpriority=\"high\" decoding=\"async\" width=\"720\" height=\"720\" src=\"https:\/\/expoganados.com\/wp-content\/uploads\/2020\/02\/P3-1.png\" class=\"attachment-large size-large wp-image-467\" alt=\"\" srcset=\"https:\/\/expoganados.com\/wp-content\/uploads\/2020\/02\/P3-1.png 720w, https:\/\/expoganados.com\/wp-content\/uploads\/2020\/02\/P3-1-300x300.png 300w, https:\/\/expoganados.com\/wp-content\/uploads\/2020\/02\/P3-1-150x150.png 150w\" sizes=\"(max-width: 720px) 100vw, 720px\" \/>\t\t\t\t\t\t\t\t\t\t\t\t\t\t\t<\/div>\n\t\t\t\t<\/div>\n\t\t\t\t\t<\/div>\n\t\t<\/div>\n\t\t\t\t\t<\/div>\n\t\t<\/section>\n\t\t\t\t\t<\/div>\n\t\t<\/div>\n\t\t\t\t\t<\/div>\n\t\t<\/section>\n\t\t\t\t<\/div>","protected":false},"excerpt":{"rendered":"<p>CARNES DESPOSTADAS Y EMPACADAS AL VAC\u00cdO El desposte de la carne es el proceso mediante el cual se retira la carne del hueso despu\u00e9s de haber realizado su maduraci\u00f3n. Es una de las soluciones m\u00e1s eficientes contra el desperdicio tanto para la industria como para el consumidor, ya que puede extender la vida \u00fatil de &hellip;<\/p>\n<p class=\"read-more\"> <a class=\"\" href=\"https:\/\/expoganados.com\/en\/carnes-despostadas-empacadas-al-vacio\/\"> <span class=\"screen-reader-text\">CARNES DESPOSTADAS EMPACADAS AL VAC\u00cdO<\/span> Read More \u00bb<\/a><\/p>","protected":false},"author":1,"featured_media":0,"parent":0,"menu_order":0,"comment_status":"closed","ping_status":"closed","template":"","meta":{"site-sidebar-layout":"no-sidebar","site-content-layout":"page-builder","ast-global-header-display":"","ast-main-header-display":"","ast-hfb-above-header-display":"","ast-hfb-below-header-display":"","ast-hfb-mobile-header-display":"","site-post-title":"disabled","ast-breadcrumbs-content":"","ast-featured-img":"disabled","footer-sml-layout":"","theme-transparent-header-meta":"default","adv-header-id-meta":"","stick-header-meta":"default","header-above-stick-meta":"","header-main-stick-meta":"","header-below-stick-meta":"","footnotes":""},"class_list":["post-742","page","type-page","status-publish","hentry"],"_links":{"self":[{"href":"https:\/\/expoganados.com\/en\/wp-json\/wp\/v2\/pages\/742","targetHints":{"allow":["GET"]}}],"collection":[{"href":"https:\/\/expoganados.com\/en\/wp-json\/wp\/v2\/pages"}],"about":[{"href":"https:\/\/expoganados.com\/en\/wp-json\/wp\/v2\/types\/page"}],"author":[{"embeddable":true,"href":"https:\/\/expoganados.com\/en\/wp-json\/wp\/v2\/users\/1"}],"replies":[{"embeddable":true,"href":"https:\/\/expoganados.com\/en\/wp-json\/wp\/v2\/comments?post=742"}],"version-history":[{"count":0,"href":"https:\/\/expoganados.com\/en\/wp-json\/wp\/v2\/pages\/742\/revisions"}],"wp:attachment":[{"href":"https:\/\/expoganados.com\/en\/wp-json\/wp\/v2\/media?parent=742"}],"curies":[{"name":"wp","href":"https:\/\/api.w.org\/{rel}","templated":true}]}}