{"id":592,"date":"2020-02-10T18:32:04","date_gmt":"2020-02-10T23:32:04","guid":{"rendered":"https:\/\/expoganados.com\/?page_id=592"},"modified":"2023-10-12T21:27:56","modified_gmt":"2023-10-13T02:27:56","slug":"procesos-de-exportacion","status":"publish","type":"page","link":"https:\/\/expoganados.com\/en\/exporting-process\/","title":{"rendered":"Export processes"},"content":{"rendered":"<div data-elementor-type=\"wp-page\" data-elementor-id=\"592\" class=\"elementor elementor-592\" data-elementor-settings=\"{&quot;ha_cmc_init_switcher&quot;:&quot;no&quot;}\" data-elementor-post-type=\"page\">\n\t\t\t\t\t\t<section class=\"elementor-section elementor-top-section elementor-element elementor-element-dc597db elementor-section-boxed elementor-section-height-default elementor-section-height-default\" data-id=\"dc597db\" data-element_type=\"section\" data-e-type=\"section\" data-settings=\"{&quot;_ha_eqh_enable&quot;:false}\">\n\t\t\t\t\t\t<div class=\"elementor-container elementor-column-gap-default\">\n\t\t\t\t\t<div class=\"elementor-column elementor-col-100 elementor-top-column elementor-element elementor-element-6eea6ef\" data-id=\"6eea6ef\" data-element_type=\"column\" data-e-type=\"column\">\n\t\t\t<div class=\"elementor-widget-wrap elementor-element-populated\">\n\t\t\t\t\t\t<div class=\"elementor-element elementor-element-c44b32c elementor-widget elementor-widget-heading\" data-id=\"c44b32c\" data-element_type=\"widget\" data-e-type=\"widget\" data-widget_type=\"heading.default\">\n\t\t\t\t<div class=\"elementor-widget-container\">\n\t\t\t\t\t<h1 class=\"elementor-heading-title elementor-size-default\">Exporting Process<\/h1>\t\t\t\t<\/div>\n\t\t\t\t<\/div>\n\t\t\t\t\t<\/div>\n\t\t<\/div>\n\t\t\t\t\t<\/div>\n\t\t<\/section>\n\t\t\t\t<section class=\"elementor-section elementor-top-section elementor-element elementor-element-8cd2732 elementor-reverse-mobile elementor-section-boxed elementor-section-height-default elementor-section-height-default\" data-id=\"8cd2732\" data-element_type=\"section\" data-e-type=\"section\" data-settings=\"{&quot;_ha_eqh_enable&quot;:false}\">\n\t\t\t\t\t\t<div class=\"elementor-container elementor-column-gap-default\">\n\t\t\t\t\t<div class=\"elementor-column elementor-col-50 elementor-top-column elementor-element elementor-element-892c20e\" data-id=\"892c20e\" data-element_type=\"column\" data-e-type=\"column\">\n\t\t\t<div class=\"elementor-widget-wrap elementor-element-populated\">\n\t\t\t\t\t\t<div class=\"elementor-element elementor-element-2139a74 elementor-widget elementor-widget-text-editor\" data-id=\"2139a74\" data-element_type=\"widget\" data-e-type=\"widget\" data-widget_type=\"text-editor.default\">\n\t\t\t\t<div class=\"elementor-widget-container\">\n\t\t\t\t\t\t\t\t\t<p style=\"font-weight: 400;\">Livestock exports in Colombia play a fundamental role in the country's economy and the development of its agricultural industry. This activity has experienced significant growth in recent years and has generated multiple benefits for the livestock sector and the economy in general.<\/p><p style=\"font-weight: 400;\">Livestock exports contribute directly to the increase of foreign exchange and the generation of employment in Colombia. Through exports to international markets, the country has obtained income that strengthens its balance of trade and contributes to the improvement of Colombian livestock, that is, of the nearly seven hundred thousand families that make up this sector.<\/p>\t\t\t\t\t\t\t\t<\/div>\n\t\t\t\t<\/div>\n\t\t\t\t\t<\/div>\n\t\t<\/div>\n\t\t\t\t<div class=\"elementor-column elementor-col-50 elementor-top-column elementor-element elementor-element-62422f8\" data-id=\"62422f8\" data-element_type=\"column\" data-e-type=\"column\">\n\t\t\t<div class=\"elementor-widget-wrap elementor-element-populated\">\n\t\t\t\t\t\t<div class=\"elementor-element elementor-element-ba45465 elementor-widget elementor-widget-video\" data-id=\"ba45465\" data-element_type=\"widget\" data-e-type=\"widget\" data-settings=\"{&quot;video_type&quot;:&quot;hosted&quot;,&quot;controls&quot;:&quot;yes&quot;}\" data-widget_type=\"video.default\">\n\t\t\t\t<div class=\"elementor-widget-container\">\n\t\t\t\t\t\t\t<div class=\"e-hosted-video elementor-wrapper elementor-open-inline\">\n\t\t\t\t\t<video class=\"elementor-video\" src=\"https:\/\/expoganados.com\/wp-content\/uploads\/2023\/10\/WhatsApp-Video-2023-10-09-at-17.32.50.mp4\" controls=\"\" preload=\"metadata\" controlslist=\"nodownload\"><\/video>\n\t\t\t\t<\/div>\n\t\t\t\t\t\t<\/div>\n\t\t\t\t<\/div>\n\t\t\t\t\t<\/div>\n\t\t<\/div>\n\t\t\t\t\t<\/div>\n\t\t<\/section>\n\t\t\t\t<section class=\"elementor-section elementor-top-section elementor-element elementor-element-f6f51dd elementor-section-boxed elementor-section-height-default elementor-section-height-default\" data-id=\"f6f51dd\" data-element_type=\"section\" data-e-type=\"section\" data-settings=\"{&quot;_ha_eqh_enable&quot;:false}\">\n\t\t\t\t\t\t<div class=\"elementor-container elementor-column-gap-default\">\n\t\t\t\t\t<div class=\"elementor-column elementor-col-50 elementor-top-column elementor-element elementor-element-2e72553\" data-id=\"2e72553\" data-element_type=\"column\" data-e-type=\"column\">\n\t\t\t<div class=\"elementor-widget-wrap elementor-element-populated\">\n\t\t\t\t\t\t<div class=\"elementor-element elementor-element-624af66 elementor-widget elementor-widget-image\" data-id=\"624af66\" data-element_type=\"widget\" data-e-type=\"widget\" data-widget_type=\"image.default\">\n\t\t\t\t<div class=\"elementor-widget-container\">\n\t\t\t\t\t\t\t\t\t\t\t\t\t\t\t<img fetchpriority=\"high\" decoding=\"async\" width=\"1024\" height=\"576\" src=\"https:\/\/expoganados.com\/wp-content\/uploads\/2023\/10\/WhatsApp-Image-2023-10-09-at-18.45.24-1024x576.jpeg\" class=\"attachment-large size-large wp-image-2249\" alt=\"\" srcset=\"https:\/\/expoganados.com\/wp-content\/uploads\/2023\/10\/WhatsApp-Image-2023-10-09-at-18.45.24-1024x576.jpeg 1024w, https:\/\/expoganados.com\/wp-content\/uploads\/2023\/10\/WhatsApp-Image-2023-10-09-at-18.45.24-300x169.jpeg 300w, https:\/\/expoganados.com\/wp-content\/uploads\/2023\/10\/WhatsApp-Image-2023-10-09-at-18.45.24-768x432.jpeg 768w, https:\/\/expoganados.com\/wp-content\/uploads\/2023\/10\/WhatsApp-Image-2023-10-09-at-18.45.24-1536x864.jpeg 1536w, https:\/\/expoganados.com\/wp-content\/uploads\/2023\/10\/WhatsApp-Image-2023-10-09-at-18.45.24.jpeg 1600w\" sizes=\"(max-width: 1024px) 100vw, 1024px\" \/>\t\t\t\t\t\t\t\t\t\t\t\t\t\t\t<\/div>\n\t\t\t\t<\/div>\n\t\t\t\t\t<\/div>\n\t\t<\/div>\n\t\t\t\t<div class=\"elementor-column elementor-col-50 elementor-top-column elementor-element elementor-element-38166cd\" data-id=\"38166cd\" data-element_type=\"column\" data-e-type=\"column\">\n\t\t\t<div class=\"elementor-widget-wrap elementor-element-populated\">\n\t\t\t\t\t\t<div class=\"elementor-element elementor-element-8b54e68 elementor-widget elementor-widget-text-editor\" data-id=\"8b54e68\" data-element_type=\"widget\" data-e-type=\"widget\" data-widget_type=\"text-editor.default\">\n\t\t\t\t<div class=\"elementor-widget-container\">\n\t\t\t\t\t\t\t\t\t<p>In addition, this commercial activity generates employment throughout the entire production chain involved in the export activity: vaccinators, farm managers, veterinarians, and producers of corn silage, concentrated feed, sawdust, rice husks and hay, veterinarians, fuel pumps, seaports, hotel zone, financial\/banking sector, tolls, transporters, administrative personnel; thus benefiting these thousands of workers throughout the country.<\/p><p>One of the key factors that has boosted cattle exports in Colombia is the quality of the cattle. The country has a sanitary status that allows it to carry out this commercial activity. The high standards of animal welfare and good livestock farming practices, which are carried out hand in hand with environmentally friendly and sustainable work, have also been recognized. They have also been recognized, which has contributed to positioning Colombian cattle as a reliable and quality option in international markets.<\/p>\t\t\t\t\t\t\t\t<\/div>\n\t\t\t\t<\/div>\n\t\t\t\t\t<\/div>\n\t\t<\/div>\n\t\t\t\t\t<\/div>\n\t\t<\/section>\n\t\t\t\t<section class=\"elementor-section elementor-top-section elementor-element elementor-element-a32e27f elementor-reverse-mobile elementor-section-boxed elementor-section-height-default elementor-section-height-default\" data-id=\"a32e27f\" data-element_type=\"section\" data-e-type=\"section\" data-settings=\"{&quot;_ha_eqh_enable&quot;:false}\">\n\t\t\t\t\t\t<div class=\"elementor-container elementor-column-gap-default\">\n\t\t\t\t\t<div class=\"elementor-column elementor-col-50 elementor-top-column elementor-element elementor-element-a53d78f\" data-id=\"a53d78f\" data-element_type=\"column\" data-e-type=\"column\">\n\t\t\t<div class=\"elementor-widget-wrap elementor-element-populated\">\n\t\t\t\t\t\t<div class=\"elementor-element elementor-element-48867c5 elementor-widget elementor-widget-text-editor\" data-id=\"48867c5\" data-element_type=\"widget\" data-e-type=\"widget\" data-widget_type=\"text-editor.default\">\n\t\t\t\t<div class=\"elementor-widget-container\">\n\t\t\t\t\t\t\t\t\t<p>Livestock exports also promote the development of technology and innovation in the Colombian agricultural sector. To comply with international requirements and standards, livestock producers have had to implement improvements in their production systems, such as the adoption of assisted production technologies, improved animal genetics, and the implementation of traceability programs. These investments in innovation have increased the efficiency and competitiveness of the Colombian livestock sector.<\/p><p>In addition to the economic benefits, cattle exports in Colombia have a positive impact on the agricultural value chain and rural development. International demand for meat and live animals boosts livestock production at the national level, which in turn benefits local producers and rural communities. This activity contributes to income generation, the improvement of living conditions in the countryside, and the development of infrastructure and services in rural areas.<\/p>\t\t\t\t\t\t\t\t<\/div>\n\t\t\t\t<\/div>\n\t\t\t\t\t<\/div>\n\t\t<\/div>\n\t\t\t\t<div class=\"elementor-column elementor-col-50 elementor-top-column elementor-element elementor-element-0442354\" data-id=\"0442354\" data-element_type=\"column\" data-e-type=\"column\">\n\t\t\t<div class=\"elementor-widget-wrap elementor-element-populated\">\n\t\t\t\t\t\t<div class=\"elementor-element elementor-element-d9431af elementor-widget elementor-widget-image\" data-id=\"d9431af\" data-element_type=\"widget\" data-e-type=\"widget\" data-widget_type=\"image.default\">\n\t\t\t\t<div class=\"elementor-widget-container\">\n\t\t\t\t\t\t\t\t\t\t\t\t\t\t\t<img decoding=\"async\" width=\"576\" height=\"841\" src=\"https:\/\/expoganados.com\/wp-content\/uploads\/2023\/10\/WhatsApp-Image-2023-10-12-at-10.33.12.jpeg\" class=\"attachment-large size-large wp-image-2250\" alt=\"\" srcset=\"https:\/\/expoganados.com\/wp-content\/uploads\/2023\/10\/WhatsApp-Image-2023-10-12-at-10.33.12.jpeg 576w, https:\/\/expoganados.com\/wp-content\/uploads\/2023\/10\/WhatsApp-Image-2023-10-12-at-10.33.12-205x300.jpeg 205w\" sizes=\"(max-width: 576px) 100vw, 576px\" \/>\t\t\t\t\t\t\t\t\t\t\t\t\t\t\t<\/div>\n\t\t\t\t<\/div>\n\t\t\t\t\t<\/div>\n\t\t<\/div>\n\t\t\t\t\t<\/div>\n\t\t<\/section>\n\t\t\t\t<section class=\"elementor-section elementor-top-section elementor-element elementor-element-64aae37 elementor-section-boxed elementor-section-height-default elementor-section-height-default\" data-id=\"64aae37\" data-element_type=\"section\" data-e-type=\"section\" data-settings=\"{&quot;_ha_eqh_enable&quot;:false}\">\n\t\t\t\t\t\t<div class=\"elementor-container elementor-column-gap-default\">\n\t\t\t\t\t<div class=\"elementor-column elementor-col-50 elementor-top-column elementor-element elementor-element-bd38e37\" data-id=\"bd38e37\" data-element_type=\"column\" data-e-type=\"column\">\n\t\t\t<div class=\"elementor-widget-wrap elementor-element-populated\">\n\t\t\t\t\t\t<div class=\"elementor-element elementor-element-048e7db elementor-widget elementor-widget-image\" data-id=\"048e7db\" data-element_type=\"widget\" data-e-type=\"widget\" data-widget_type=\"image.default\">\n\t\t\t\t<div class=\"elementor-widget-container\">\n\t\t\t\t\t\t\t\t\t\t\t\t\t\t\t<img decoding=\"async\" width=\"1024\" height=\"576\" src=\"https:\/\/expoganados.com\/wp-content\/uploads\/2023\/10\/WhatsApp-Image-2023-10-12-at-10.33.12-1.jpeg\" class=\"attachment-large size-large wp-image-2251\" alt=\"\" srcset=\"https:\/\/expoganados.com\/wp-content\/uploads\/2023\/10\/WhatsApp-Image-2023-10-12-at-10.33.12-1.jpeg 1024w, https:\/\/expoganados.com\/wp-content\/uploads\/2023\/10\/WhatsApp-Image-2023-10-12-at-10.33.12-1-300x169.jpeg 300w, https:\/\/expoganados.com\/wp-content\/uploads\/2023\/10\/WhatsApp-Image-2023-10-12-at-10.33.12-1-768x432.jpeg 768w\" sizes=\"(max-width: 1024px) 100vw, 1024px\" \/>\t\t\t\t\t\t\t\t\t\t\t\t\t\t\t<\/div>\n\t\t\t\t<\/div>\n\t\t\t\t\t<\/div>\n\t\t<\/div>\n\t\t\t\t<div class=\"elementor-column elementor-col-50 elementor-top-column elementor-element elementor-element-5c6c79c\" data-id=\"5c6c79c\" data-element_type=\"column\" data-e-type=\"column\">\n\t\t\t<div class=\"elementor-widget-wrap elementor-element-populated\">\n\t\t\t\t\t\t<div class=\"elementor-element elementor-element-7963484 elementor-widget elementor-widget-text-editor\" data-id=\"7963484\" data-element_type=\"widget\" data-e-type=\"widget\" data-widget_type=\"text-editor.default\">\n\t\t\t\t<div class=\"elementor-widget-container\">\n\t\t\t\t\t\t\t\t\t<p>It is important to mention that the country's livestock herd must continue to grow, as well as the work being done to open new international markets through protocols with other countries, to expand the commercial field of action of the livestock activity.<\/p><p>In conclusion, cattle exports in Colombia play a crucial role in strengthening the economy and the development of the agricultural sector. In addition to the economic benefits, this activity drives innovation, promotes quality standards and animal welfare, and contributes to the country's rural development.<\/p>\t\t\t\t\t\t\t\t<\/div>\n\t\t\t\t<\/div>\n\t\t\t\t\t<\/div>\n\t\t<\/div>\n\t\t\t\t\t<\/div>\n\t\t<\/section>\n\t\t\t\t<section class=\"elementor-section elementor-top-section elementor-element elementor-element-54fbc7d elementor-section-content-middle elementor-hidden-desktop elementor-hidden-tablet elementor-hidden-mobile elementor-section-boxed elementor-section-height-default elementor-section-height-default\" data-id=\"54fbc7d\" data-element_type=\"section\" data-e-type=\"section\" data-settings=\"{&quot;background_background&quot;:&quot;classic&quot;,&quot;_ha_eqh_enable&quot;:false}\">\n\t\t\t\t\t\t<div class=\"elementor-container elementor-column-gap-no\">\n\t\t\t\t\t<div class=\"elementor-column elementor-col-100 elementor-top-column elementor-element elementor-element-23b70a6\" data-id=\"23b70a6\" data-element_type=\"column\" data-e-type=\"column\">\n\t\t\t<div class=\"elementor-widget-wrap elementor-element-populated\">\n\t\t\t\t\t\t<section class=\"elementor-section elementor-inner-section elementor-element elementor-element-d937c95 elementor-section-boxed elementor-section-height-default elementor-section-height-default\" data-id=\"d937c95\" data-element_type=\"section\" data-e-type=\"section\" data-settings=\"{&quot;_ha_eqh_enable&quot;:false}\">\n\t\t\t\t\t\t<div class=\"elementor-container elementor-column-gap-default\">\n\t\t\t\t\t<div class=\"elementor-column elementor-col-100 elementor-inner-column elementor-element elementor-element-a45d18b\" data-id=\"a45d18b\" data-element_type=\"column\" data-e-type=\"column\">\n\t\t\t<div class=\"elementor-widget-wrap elementor-element-populated\">\n\t\t\t\t\t\t<div class=\"elementor-element elementor-element-c1d5aff elementor-widget elementor-widget-image\" data-id=\"c1d5aff\" data-element_type=\"widget\" data-e-type=\"widget\" data-widget_type=\"image.default\">\n\t\t\t\t<div class=\"elementor-widget-container\">\n\t\t\t\t\t\t\t\t\t\t\t\t\t\t\t<img loading=\"lazy\" decoding=\"async\" width=\"500\" height=\"500\" src=\"https:\/\/expoganados.com\/wp-content\/uploads\/2020\/09\/svg-logo-01.svg\" class=\"attachment-medium size-medium wp-image-858\" alt=\"\" \/>\t\t\t\t\t\t\t\t\t\t\t\t\t\t\t<\/div>\n\t\t\t\t<\/div>\n\t\t\t\t\t<\/div>\n\t\t<\/div>\n\t\t\t\t\t<\/div>\n\t\t<\/section>\n\t\t\t\t<section class=\"elementor-section elementor-inner-section elementor-element elementor-element-5a6dc6e elementor-section-boxed elementor-section-height-default elementor-section-height-default\" data-id=\"5a6dc6e\" data-element_type=\"section\" data-e-type=\"section\" data-settings=\"{&quot;_ha_eqh_enable&quot;:false}\">\n\t\t\t\t\t\t<div class=\"elementor-container elementor-column-gap-default\">\n\t\t\t\t\t<div class=\"elementor-column elementor-col-100 elementor-inner-column elementor-element elementor-element-364416b\" data-id=\"364416b\" data-element_type=\"column\" data-e-type=\"column\">\n\t\t\t<div class=\"elementor-widget-wrap elementor-element-populated\">\n\t\t\t\t\t\t<div class=\"elementor-element elementor-element-4e8c75a elementor-widget elementor-widget-heading\" data-id=\"4e8c75a\" data-element_type=\"widget\" data-e-type=\"widget\" data-widget_type=\"heading.default\">\n\t\t\t\t<div class=\"elementor-widget-container\">\n\t\t\t\t\t<h2 class=\"elementor-heading-title elementor-size-default\">Cortes y Usos de la Carne<\/h2>\t\t\t\t<\/div>\n\t\t\t\t<\/div>\n\t\t\t\t\t<\/div>\n\t\t<\/div>\n\t\t\t\t\t<\/div>\n\t\t<\/section>\n\t\t\t\t<section class=\"elementor-section elementor-inner-section elementor-element elementor-element-f45ede2 elementor-section-boxed elementor-section-height-default elementor-section-height-default\" data-id=\"f45ede2\" data-element_type=\"section\" data-e-type=\"section\" data-settings=\"{&quot;_ha_eqh_enable&quot;:false}\">\n\t\t\t\t\t\t<div class=\"elementor-container elementor-column-gap-default\">\n\t\t\t\t\t<div class=\"elementor-column elementor-col-50 elementor-inner-column elementor-element elementor-element-28427a6\" data-id=\"28427a6\" data-element_type=\"column\" data-e-type=\"column\">\n\t\t\t<div class=\"elementor-widget-wrap elementor-element-populated\">\n\t\t\t\t\t\t<div class=\"elementor-element elementor-element-365a431 elementor-widget elementor-widget-text-editor\" data-id=\"365a431\" data-element_type=\"widget\" data-e-type=\"widget\" data-widget_type=\"text-editor.default\">\n\t\t\t\t<div class=\"elementor-widget-container\">\n\t\t\t\t\t\t\t\t\t<h3>Neck and Chuck roast<\/h3><p>Alternativas de Preparaci\u00f3n<br \/>Uso principal: Estofar<br \/>Otros Usos: Moler<\/p><p>Otros nombres<br \/>Morrillo: Morro<\/p><h3>Hip<\/h3><p>Alternativas de Preparaci\u00f3n<br \/>Uso principal: Freir<br \/>Otros Usos: Asar &#8211; Plancha<\/p><p>Otros nombres<br \/>Solomo extranjero, Caderita, Tetafula<\/p><h3>Chuck Eye Roll Boneless<\/h3><p>Alternativas de Preparaci\u00f3n<br \/>Uso principal: Fre\u00edr<br \/>Otros Usos: Asar &#8211; Hornear &#8211; Planchar<\/p><p>Otros nombres<br \/>Morrillo: Tabl\u00f3n &#8211; Mu\u00f1eco<\/p><h3>Top Sirloin<\/h3><p>Alternativas de Preparaci\u00f3n<br \/>Uso principal: Asar<br \/>Otros Usos: Asar &#8211; Plancha<\/p><h3>Eye of Round<\/h3><p>Alternativas de Preparaci\u00f3n<br \/>Uso principal: Sudar &#8211; Hornear<\/p><p>Otros nombres<br \/>Cap\u00f3n, Bolito<\/p><h3>Leg Center<\/h3><p>Alternativas de Preparaci\u00f3n<br \/>Uso principal: Freir<br \/>Otros Usos: Asar &#8211; Plancha<\/p><p>Otros nombres<br \/>Pulpa de pierna, Cesina<\/p><h3>Bottom outside round flat<\/h3><p>Alternativas de Preparaci\u00f3n<br \/>Uso principal: Sudar<br \/>Otros Usos: Asar &#8211; Freir<\/p><p>Otros nombres<br \/>Posta. Herradero, Ampolleta, Atravezado<\/p><h3>Knuckle Sirloin Tip<\/h3><p>Alternativas de Preparaci\u00f3n<br \/>Uso principal: Freir<br \/>Otros Usos: Asar &#8211; Plancha<\/p><p>Otros nombres<br \/>Bola negra, Huevo de aldana<\/p><h3>Trip-tip<\/h3><p>Alternativas de Preparaci\u00f3n<br \/>Uso principal: Freir<br \/>Otros Usos: Asar &#8211; Sudar<\/p><p>Otros nombres<br \/>Colita extranjera<\/p>\t\t\t\t\t\t\t\t<\/div>\n\t\t\t\t<\/div>\n\t\t\t\t\t<\/div>\n\t\t<\/div>\n\t\t\t\t<div class=\"elementor-column elementor-col-50 elementor-inner-column elementor-element elementor-element-1fad95b\" data-id=\"1fad95b\" data-element_type=\"column\" data-e-type=\"column\">\n\t\t\t<div class=\"elementor-widget-wrap elementor-element-populated\">\n\t\t\t\t\t\t<div class=\"elementor-element elementor-element-18adc3f elementor-widget elementor-widget-text-editor\" data-id=\"18adc3f\" data-element_type=\"widget\" data-e-type=\"widget\" data-widget_type=\"text-editor.default\">\n\t\t\t\t<div class=\"elementor-widget-container\">\n\t\t\t\t\t\t\t\t\t<h3>Strip Loin<\/h3><p>Alternativas de Preparaci\u00f3n<br \/>Uso principal: Asar<br \/>Otros Usos: Freir &#8211; Hornear &#8211; Plancha<\/p><p>Otros nombres<br \/>Chatas, Solomo, Lomo de caracha<\/p><h3>Gooseneck<\/h3><p>Alternativas de Preparaci\u00f3n<br \/>Uso principal: Moler<br \/>Otros Usos: Sudar<\/p><p>Otros nombres<br \/>Morrillo: Murillo, Tabliado, Pepino, Marranito<\/p><h3>Tenderloin<\/h3><p>Alternativas de Preparaci\u00f3n<br \/>Uso principal: Hornear<br \/>Otros Usos: Asar &#8211; Freir &#8211; Plancha<\/p><p>Otros nombres<br \/>Lomito, Solomito, Lomo biche<\/p><h3>Roast Meat<\/h3><p>Alternativas de Preparaci\u00f3n<br \/>Uso principal: Rellena<br \/>Otros Usos: Sudar &#8211; Hornear<\/p><p>Otros nombres<br \/>Morrillo, Sobrebarriga especial, Taoa de costilla<\/p><h3>Shoulder Cloud<\/h3><p>Alternativas de Preparaci\u00f3n<br \/>Uso principal: Freir<br \/>Otros Usos: Asar &#8211; Planchar<\/p><p>Otros nombres<br \/>Tabl\u00f3n, Mu\u00f1eco, Bola de paletero<\/p><h3>Under Blade<\/h3><p>Alternativas de Preparaci\u00f3n<br \/>Uso principal: Moler<br \/>Otros Usos: Sudar<\/p><p>Otros nombres<br \/>Carnaza de Paleta<\/p><h3>Brisket<\/h3><p>Alternativas de Preparaci\u00f3n<br \/>Uso principal: Sudar<br \/>Otros Usos: Moler<\/p><p>Otros nombres<br \/>Sobrebarriga gruesa<\/p><h3>Under Blade Boneless<\/h3><p>Alternativas de Preparaci\u00f3n<br \/>Uso principal: Estofar<br \/>Otros Usos: Moler<\/p><h3>Gooseneck<\/h3><p>Alternativas de Preparaci\u00f3n<br \/>Uso principal: Moler<br \/>Otros Usos: Sudar<\/p><p>Otros nombres<br \/>Murrilo-Tabliado-Pepino-Marranito<\/p>\t\t\t\t\t\t\t\t<\/div>\n\t\t\t\t<\/div>\n\t\t\t\t\t<\/div>\n\t\t<\/div>\n\t\t\t\t\t<\/div>\n\t\t<\/section>\n\t\t\t\t<section class=\"elementor-section elementor-inner-section elementor-element elementor-element-f3c9431 elementor-hidden-desktop elementor-hidden-tablet elementor-hidden-mobile elementor-section-boxed elementor-section-height-default elementor-section-height-default\" data-id=\"f3c9431\" data-element_type=\"section\" data-e-type=\"section\" data-settings=\"{&quot;_ha_eqh_enable&quot;:false}\">\n\t\t\t\t\t\t<div class=\"elementor-container elementor-column-gap-no\">\n\t\t\t\t\t<div class=\"elementor-column elementor-col-50 elementor-inner-column elementor-element elementor-element-669b92a\" data-id=\"669b92a\" data-element_type=\"column\" data-e-type=\"column\">\n\t\t\t<div class=\"elementor-widget-wrap elementor-element-populated\">\n\t\t\t\t\t\t<div class=\"elementor-element elementor-element-4e12f7b elementor-widget elementor-widget-image\" data-id=\"4e12f7b\" data-element_type=\"widget\" data-e-type=\"widget\" data-widget_type=\"image.default\">\n\t\t\t\t<div class=\"elementor-widget-container\">\n\t\t\t\t\t\t\t\t\t\t\t\t\t\t\t<img loading=\"lazy\" decoding=\"async\" width=\"589\" height=\"383\" src=\"https:\/\/expoganados.com\/wp-content\/uploads\/2020\/02\/Cortes_es.jpg\" class=\"attachment-large size-large wp-image-596\" alt=\"\" srcset=\"https:\/\/expoganados.com\/wp-content\/uploads\/2020\/02\/Cortes_es.jpg 589w, https:\/\/expoganados.com\/wp-content\/uploads\/2020\/02\/Cortes_es-300x195.jpg 300w\" sizes=\"(max-width: 589px) 100vw, 589px\" \/>\t\t\t\t\t\t\t\t\t\t\t\t\t\t\t<\/div>\n\t\t\t\t<\/div>\n\t\t\t\t\t<\/div>\n\t\t<\/div>\n\t\t\t\t<div class=\"elementor-column elementor-col-50 elementor-inner-column elementor-element elementor-element-58daeee\" data-id=\"58daeee\" data-element_type=\"column\" data-e-type=\"column\">\n\t\t\t<div class=\"elementor-widget-wrap elementor-element-populated\">\n\t\t\t\t\t\t<div class=\"elementor-element elementor-element-e2c735e elementor-widget elementor-widget-image\" data-id=\"e2c735e\" data-element_type=\"widget\" data-e-type=\"widget\" data-widget_type=\"image.default\">\n\t\t\t\t<div class=\"elementor-widget-container\">\n\t\t\t\t\t\t\t\t\t\t\t\t\t\t\t<img loading=\"lazy\" decoding=\"async\" width=\"985\" height=\"560\" src=\"https:\/\/expoganados.com\/wp-content\/uploads\/2020\/02\/ampliacion_canal1-1.jpg\" class=\"attachment-large size-large wp-image-420\" alt=\"\" srcset=\"https:\/\/expoganados.com\/wp-content\/uploads\/2020\/02\/ampliacion_canal1-1.jpg 985w, https:\/\/expoganados.com\/wp-content\/uploads\/2020\/02\/ampliacion_canal1-1-300x171.jpg 300w, https:\/\/expoganados.com\/wp-content\/uploads\/2020\/02\/ampliacion_canal1-1-768x437.jpg 768w\" sizes=\"(max-width: 985px) 100vw, 985px\" \/>\t\t\t\t\t\t\t\t\t\t\t\t\t\t\t<\/div>\n\t\t\t\t<\/div>\n\t\t\t\t\t<\/div>\n\t\t<\/div>\n\t\t\t\t\t<\/div>\n\t\t<\/section>\n\t\t\t\t\t<\/div>\n\t\t<\/div>\n\t\t\t\t\t<\/div>\n\t\t<\/section>\n\t\t\t\t<\/div>","protected":false},"excerpt":{"rendered":"<p>Proceso de Exportaci\u00f3n La exportaci\u00f3n de ganado en Colombia desempe\u00f1a un papel fundamental en la econom\u00eda del pa\u00eds y en el desarrollo de su industria agropecuaria. Esta actividad ha experimentado un crecimiento significativo en los \u00faltimos a\u00f1os y ha generado m\u00faltiples beneficios para el sector ganadero y para la econom\u00eda en general. La exportaci\u00f3n de &hellip;<\/p>\n<p class=\"read-more\"> <a class=\"\" href=\"https:\/\/expoganados.com\/en\/exporting-process\/\"> <span class=\"screen-reader-text\">Export processes<\/span> Read More \u00bb<\/a><\/p>","protected":false},"author":1,"featured_media":0,"parent":0,"menu_order":0,"comment_status":"closed","ping_status":"closed","template":"","meta":{"site-sidebar-layout":"no-sidebar","site-content-layout":"page-builder","ast-global-header-display":"","ast-main-header-display":"","ast-hfb-above-header-display":"","ast-hfb-below-header-display":"","ast-hfb-mobile-header-display":"","site-post-title":"disabled","ast-breadcrumbs-content":"","ast-featured-img":"disabled","footer-sml-layout":"","theme-transparent-header-meta":"default","adv-header-id-meta":"","stick-header-meta":"default","header-above-stick-meta":"","header-main-stick-meta":"","header-below-stick-meta":"","footnotes":""},"class_list":["post-592","page","type-page","status-publish","hentry"],"_links":{"self":[{"href":"https:\/\/expoganados.com\/en\/wp-json\/wp\/v2\/pages\/592","targetHints":{"allow":["GET"]}}],"collection":[{"href":"https:\/\/expoganados.com\/en\/wp-json\/wp\/v2\/pages"}],"about":[{"href":"https:\/\/expoganados.com\/en\/wp-json\/wp\/v2\/types\/page"}],"author":[{"embeddable":true,"href":"https:\/\/expoganados.com\/en\/wp-json\/wp\/v2\/users\/1"}],"replies":[{"embeddable":true,"href":"https:\/\/expoganados.com\/en\/wp-json\/wp\/v2\/comments?post=592"}],"version-history":[{"count":0,"href":"https:\/\/expoganados.com\/en\/wp-json\/wp\/v2\/pages\/592\/revisions"}],"wp:attachment":[{"href":"https:\/\/expoganados.com\/en\/wp-json\/wp\/v2\/media?parent=592"}],"curies":[{"name":"wp","href":"https:\/\/api.w.org\/{rel}","templated":true}]}}