{"id":2377,"date":"2024-03-18T21:07:46","date_gmt":"2024-03-19T02:07:46","guid":{"rendered":"https:\/\/expoganados.com\/?page_id=2377"},"modified":"2024-04-12T10:51:01","modified_gmt":"2024-04-12T15:51:01","slug":"terminos-y-condiciones","status":"publish","type":"page","link":"https:\/\/expoganados.com\/en\/terminos-y-condiciones\/","title":{"rendered":"Terms and Conditions"},"content":{"rendered":"<div data-elementor-type=\"wp-page\" data-elementor-id=\"2377\" class=\"elementor elementor-2377\" data-elementor-settings=\"{&quot;ha_cmc_init_switcher&quot;:&quot;no&quot;}\" data-elementor-post-type=\"page\">\n\t\t\t\t\t\t<section class=\"elementor-section elementor-top-section elementor-element elementor-element-6fe79de elementor-section-boxed elementor-section-height-default elementor-section-height-default\" data-id=\"6fe79de\" data-element_type=\"section\" data-e-type=\"section\" data-settings=\"{&quot;_ha_eqh_enable&quot;:false}\">\n\t\t\t\t\t\t<div class=\"elementor-container elementor-column-gap-default\">\n\t\t\t\t\t<div class=\"elementor-column elementor-col-100 elementor-top-column elementor-element elementor-element-45c599c\" data-id=\"45c599c\" data-element_type=\"column\" data-e-type=\"column\">\n\t\t\t<div class=\"elementor-widget-wrap elementor-element-populated\">\n\t\t\t\t\t\t<div class=\"elementor-element elementor-element-ad9a1d2 elementor-widget elementor-widget-heading\" data-id=\"ad9a1d2\" data-element_type=\"widget\" data-e-type=\"widget\" data-widget_type=\"heading.default\">\n\t\t\t\t<div class=\"elementor-widget-container\">\n\t\t\t\t\t<h1 class=\"elementor-heading-title elementor-size-default\">Terms and Conditions<\/h1>\t\t\t\t<\/div>\n\t\t\t\t<\/div>\n\t\t\t\t\t<\/div>\n\t\t<\/div>\n\t\t\t\t\t<\/div>\n\t\t<\/section>\n\t\t\t\t<section class=\"elementor-section elementor-top-section elementor-element elementor-element-ee5bcad elementor-section-boxed elementor-section-height-default elementor-section-height-default\" data-id=\"ee5bcad\" data-element_type=\"section\" data-e-type=\"section\" data-settings=\"{&quot;_ha_eqh_enable&quot;:false}\">\n\t\t\t\t\t\t<div class=\"elementor-container elementor-column-gap-default\">\n\t\t\t\t\t<div class=\"elementor-column elementor-col-100 elementor-top-column elementor-element elementor-element-a5f45f2\" data-id=\"a5f45f2\" data-element_type=\"column\" data-e-type=\"column\">\n\t\t\t<div class=\"elementor-widget-wrap elementor-element-populated\">\n\t\t\t\t\t\t<div class=\"elementor-element elementor-element-7114dc3 elementor-widget elementor-widget-text-editor\" data-id=\"7114dc3\" data-element_type=\"widget\" data-e-type=\"widget\" data-widget_type=\"text-editor.default\">\n\t\t\t\t<div class=\"elementor-widget-container\">\n\t\t\t\t\t\t\t\t\t<p>Los siguientes t\u00e9rminos y condiciones son v\u00e1lidos para los sitios web, aplicativos o de manera presencial de EXPOGANADOS DE COLOMBIA SAS.<\/p><p>Las siguientes condiciones son v\u00e1lidas a partir del primero (1\u00b0) de enero de 2023 y su aplicabilidad se restringe al territorio colombiano.<\/p><p>Al ingresar y revisar en este sitio web usted se compromete a leer y cumplir los t\u00e9rminos y condiciones de uso.<\/p><p>EXPOGANADOS DE COLOMBIA SAS podr\u00e1 realizar modificaciones en cualquier momento de los t\u00e9rminos y condiciones aqu\u00ed descritas y lo informar\u00e1 por este mismo medio para el conocimiento de sus consumidores.<\/p><p><strong>Identificaci\u00f3n<\/strong><\/p><p>El sitio web que usted est\u00e1 visitando es propiedad de EXPOGANADOS DE COLOMBIA SAS sociedad identificada con el NIT 901.223.142-, con domicilio en el municipio de Bucaramanga \u2013 Santander en la direcci\u00f3n Carrera 29 # 45 45 Oficina 1408.\u00a0 El tel\u00e9fono y el e-mail de contacto son: 607-6578110 y\u00a0info@expoganados.com<\/p><p><strong>Derechos de Propiedad intelectual e industrial<\/strong><\/p><p>Toda la informaci\u00f3n, textos, im\u00e1genes, v\u00eddeos, marcas, nombres, logos, y en general todo el material que se encuentra en esta p\u00e1gina web, est\u00e1 protegido por la legislaci\u00f3n colombiana e internacional sobre derechos de autor, propiedad intelectual e industrial.\u00a0 Su uso se delimita a<br \/>fines de revisi\u00f3n, compra y consulta. El uso no autorizado ser\u00e1 sancionado de acuerdo a lo establecido por las normas aplicables.\u00a0<\/p><p>No se concede ninguna licencia de uso de logos, marcas o de cualquier material ac\u00e1 publicada propiedad de EXPOGANADOS DE COLOMBIA SAS.<\/p><p><strong>Autorizaci\u00f3n de uso<\/strong><\/p><p>La p\u00e1gina web podr\u00e1 ser utilizada con fines de consulta. La informaci\u00f3n relativa a los usos y caracter\u00edsticas de los productos est\u00e1 dise\u00f1ada \u00fanicamente con fines informativos para el usuario y\/o consumidor.<\/p><p><strong>Prohibiciones<\/strong><\/p><ul><li>La informaci\u00f3n publicada en nuestra p\u00e1gina web no puede ser comercializada, distribuida y tampoco someterla a procesos de copia o modificaci\u00f3n.<\/li><li>Se proh\u00edbe el acceso forzado a la informaci\u00f3n, la red de datos, los servidores o cualquier otro acto que atente contra la seguridad de las transacciones, la integridad, la disponibilidad de la informaci\u00f3n y de la p\u00e1gina web.<\/li><li>Toda actividad sospechosa ser\u00e1 tratada con las autoridades competentes seg\u00fan la legislaci\u00f3n vigente de delitos inform\u00e1ticos.<\/li><li>La informaci\u00f3n que el usuario registre debe ser completa y veraz; el suministro de informaci\u00f3n incorrecta se proh\u00edbe y ser\u00e1 tratado como acto de suplantaci\u00f3n de identidad.<\/li><li>El uso del sitio transaccional \u00fanicamente se permitir\u00e1 a personas mayores de edad, identificadas con c\u00e9dula de ciudadan\u00eda o c\u00e9dula de extranjer\u00eda.<\/li><\/ul><p><strong>Informaci\u00f3n de los usuarios<\/strong><\/p><p>La informaci\u00f3n del usuario que se requiera compartir para la realizaci\u00f3n de denuncias, quejas, peticiones mediante la L\u00cdNEA ETICA, ser\u00e1 tratada seg\u00fan la ley de protecci\u00f3n de datos personales vigente en Colombia.<\/p><p>Recomendamos no compartir su usuario y contrase\u00f1a, y as\u00ed evitar que se use sus datos de ingreso al BPM.<\/p><p><strong>Acceso de usuario<\/strong><\/p><ul><li>Todo usuario deber\u00e1 leer y aceptar los t\u00e9rminos y condiciones.<\/li><li>El usuario diligenciar\u00e1 los datos solicitados y los confirmar\u00e1 en su correo electr\u00f3nico.<\/li><li>El usuario definir\u00e1 sus datos de acceso (usuario y contrase\u00f1a) en el sitio web de EXPOGANADOS DE COLOMBIA SAS habilit\u00e1ndolo para reportar informaci\u00f3n en el BPM y gestionar su informaci\u00f3n.<\/li><li>El usuario es el responsable de la contrase\u00f1a de acceso personal al portal, as\u00ed como de mantener la confidencialidad y la buena conformaci\u00f3n de \u00e9sta, EXPOGANADOS DE COLOMBIA SAS desconoce los datos de acceso de los usuarios.<\/li><li>El usuario podr\u00e1 ejercer sus derechos como lo consagra la legislaci\u00f3n colombiana, por medio de los canales dispuestos para tal fin.\u00a0<\/li><\/ul><p><strong>Funcionamiento<\/strong><\/p><ul><li>EXPOGANADOS DE COLOMBIA SAS dispone de esfuerzos humanos y tecnol\u00f3gicos para que la plataforma sea segura y poder brindar un correcto almacenamiento de la informaci\u00f3n, aun as\u00ed, no se hace responsable de casos por virus, malware, fallos de comunicaciones, ciberdelincuencia, o errores en el funcionamiento de la p\u00e1gina web.<\/li><li>Todas las transacciones est\u00e1n sujetas a verificaci\u00f3n por parte del personal de EXPOGANADOS DE COLOMBIA SAS.<\/li><\/ul><p><strong>2. PRIVACIDAD Y SEGURIDAD<\/strong><\/p><ul><li>EXPOGANADOS DE COLOMBIA SAS destina todos los recursos humanos y tecnol\u00f3gicos para que tus datos se mantengan bajo estricta confidencialidad.<\/li><li>Para obtener informaci\u00f3n detallada sobre el tratamiento de los datos personales visite <a href=\"https:\/\/expoganados.com\/wp-content\/uploads\/2024\/04\/POLITICA-PROTECCION-DE-DATOS-2024.pdf\" target=\"_blank\" rel=\"noopener\">aqu\u00ed<\/a>.<\/li><li>El sitio de EXPOGANADOS DE COLOMBIA SAS puede contener enlaces a sitios diferentes a nuestra actividad, y se excluye su responsabilidad de las actividades desarrolladas en estos sitios.<\/li><li>Cualquier comunicado o duda respecto al funcionamiento del sitio por favor ponerse en contacto por medio de la l\u00ednea de atenci\u00f3n nacional o enviando un correo electr\u00f3nico a\u00a0info@expoganados.com<\/li><\/ul><p><strong>3. COOKIES<\/strong><\/p><p>Una cookie es un peque\u00f1o archivo que se env\u00eda al dispositivo del usuario al acceder a determinadas p\u00e1ginas web, el cual es usado mejorar su experiencia de uso del sitio y para recolectar informaci\u00f3n de quien lo usa y como.<\/p><p>Utilizamos cookies para mejorar su experiencia en nuestro sitio web, al utilizar y navegar en este sitio web, acepta que parte de su actividad de navegaci\u00f3n puede almacenarse en cookies.<\/p><p><strong>Finalidades de las cookies:<\/strong><\/p><p>EXPOGANADOS DE COLOMBIA SAS har\u00e1 uso de las cookies para:<\/p><ul><li>Determinar sus preferencias de navegaci\u00f3n.<\/li><li>Optimizar los servicios ofrecidos.<\/li><li>Para efectos promocionales, comerciales y publicitarios.<\/li><li>Ofrecer una mejor experiencia de navegaci\u00f3n del usuario.<\/li><li>Para an\u00e1lisis estad\u00edsticos.<\/li><li>Para an\u00e1lisis de datos.<\/li><\/ul><p><strong>Aceptaci\u00f3n de uso de Cookies:<\/strong><\/p><p>Al aceptar estos \u201cT\u00e9rminos de uso\u201d, usted acepta que EXPOGANADOS DE COLOMBIA SAS utilice cookies para las finalidades antes se\u00f1aladas, as\u00ed como el uso continuo de la p\u00e1gina web se entiende como la aceptaci\u00f3n de estos \u201cT\u00e9rminos de uso\u201d y del uso de las cookies.<\/p><p><strong>Qu\u00e9 tipo de Cookies existen:<\/strong><\/p><p><strong>Seg\u00fan el tiempo:<\/strong> Cookies de sesi\u00f3n y permanentes<\/p><p><strong>Seg\u00fan la entidad:<\/strong> cookies propias y de terceros<\/p><p><strong>Seg\u00fan de su finalidad:<\/strong>\u00a0 t\u00e9cnicas, publicitarias, de complementos y de an\u00e1lisis<\/p><p><strong>Configuraci\u00f3n de Cookies:<\/strong><\/p><p>Usted podr\u00e1 configurar su navegador para el uso de las cookies enviadas por la p\u00e1gina web, sin que ello impida que pueda navegar en la p\u00e1gina web y visualizar sus contenidos, debe tener en cuenta que al desactivar el uso de cookies experimentar\u00e1 una disminuci\u00f3n en la funcionalidad de la p\u00e1gina web.<\/p>\t\t\t\t\t\t\t\t<\/div>\n\t\t\t\t<\/div>\n\t\t\t\t\t<\/div>\n\t\t<\/div>\n\t\t\t\t\t<\/div>\n\t\t<\/section>\n\t\t\t\t<\/div>","protected":false},"excerpt":{"rendered":"<p>T\u00e9rminos y Condiciones Los siguientes t\u00e9rminos y condiciones son v\u00e1lidos para los sitios web, aplicativos o de manera presencial de EXPOGANADOS DE COLOMBIA SAS. Las siguientes condiciones son v\u00e1lidas a partir del primero (1\u00b0) de enero de 2023 y su aplicabilidad se restringe al territorio colombiano. Al ingresar y revisar en este sitio web usted &hellip;<\/p>\n<p class=\"read-more\"> <a class=\"\" href=\"https:\/\/expoganados.com\/en\/terminos-y-condiciones\/\"> <span class=\"screen-reader-text\">Terms and Conditions<\/span> Read More \u00bb<\/a><\/p>","protected":false},"author":1,"featured_media":0,"parent":0,"menu_order":0,"comment_status":"closed","ping_status":"closed","template":"","meta":{"site-sidebar-layout":"no-sidebar","site-content-layout":"page-builder","ast-global-header-display":"","ast-main-header-display":"","ast-hfb-above-header-display":"","ast-hfb-below-header-display":"","ast-hfb-mobile-header-display":"","site-post-title":"disabled","ast-breadcrumbs-content":"","ast-featured-img":"disabled","footer-sml-layout":"","theme-transparent-header-meta":"","adv-header-id-meta":"","stick-header-meta":"","header-above-stick-meta":"","header-main-stick-meta":"","header-below-stick-meta":"","footnotes":""},"class_list":["post-2377","page","type-page","status-publish","hentry"],"_links":{"self":[{"href":"https:\/\/expoganados.com\/en\/wp-json\/wp\/v2\/pages\/2377","targetHints":{"allow":["GET"]}}],"collection":[{"href":"https:\/\/expoganados.com\/en\/wp-json\/wp\/v2\/pages"}],"about":[{"href":"https:\/\/expoganados.com\/en\/wp-json\/wp\/v2\/types\/page"}],"author":[{"embeddable":true,"href":"https:\/\/expoganados.com\/en\/wp-json\/wp\/v2\/users\/1"}],"replies":[{"embeddable":true,"href":"https:\/\/expoganados.com\/en\/wp-json\/wp\/v2\/comments?post=2377"}],"version-history":[{"count":0,"href":"https:\/\/expoganados.com\/en\/wp-json\/wp\/v2\/pages\/2377\/revisions"}],"wp:attachment":[{"href":"https:\/\/expoganados.com\/en\/wp-json\/wp\/v2\/media?parent=2377"}],"curies":[{"name":"wp","href":"https:\/\/api.w.org\/{rel}","templated":true}]}}