{"id":2318,"date":"2023-10-26T09:49:20","date_gmt":"2023-10-26T14:49:20","guid":{"rendered":"https:\/\/expoganados.com\/?page_id=2318"},"modified":"2024-04-09T11:42:29","modified_gmt":"2024-04-09T16:42:29","slug":"politica-de-privacidad","status":"publish","type":"page","link":"https:\/\/expoganados.com\/en\/politica-de-privacidad\/","title":{"rendered":"Privacy policy"},"content":{"rendered":"<div data-elementor-type=\"wp-page\" data-elementor-id=\"2318\" class=\"elementor elementor-2318\" data-elementor-settings=\"{&quot;ha_cmc_init_switcher&quot;:&quot;no&quot;}\" data-elementor-post-type=\"page\">\n\t\t\t\t\t\t<section class=\"elementor-section elementor-top-section elementor-element elementor-element-6fe79de elementor-section-boxed elementor-section-height-default elementor-section-height-default\" data-id=\"6fe79de\" data-element_type=\"section\" data-e-type=\"section\" data-settings=\"{&quot;_ha_eqh_enable&quot;:false}\">\n\t\t\t\t\t\t<div class=\"elementor-container elementor-column-gap-default\">\n\t\t\t\t\t<div class=\"elementor-column elementor-col-100 elementor-top-column elementor-element elementor-element-45c599c\" data-id=\"45c599c\" data-element_type=\"column\" data-e-type=\"column\">\n\t\t\t<div class=\"elementor-widget-wrap elementor-element-populated\">\n\t\t\t\t\t\t<div class=\"elementor-element elementor-element-ad9a1d2 elementor-widget elementor-widget-heading\" data-id=\"ad9a1d2\" data-element_type=\"widget\" data-e-type=\"widget\" data-widget_type=\"heading.default\">\n\t\t\t\t<div class=\"elementor-widget-container\">\n\t\t\t\t\t<h1 class=\"elementor-heading-title elementor-size-default\">Privacy policy<\/h1>\t\t\t\t<\/div>\n\t\t\t\t<\/div>\n\t\t\t\t\t<\/div>\n\t\t<\/div>\n\t\t\t\t\t<\/div>\n\t\t<\/section>\n\t\t\t\t<section class=\"elementor-section elementor-top-section elementor-element elementor-element-ee5bcad elementor-section-boxed elementor-section-height-default elementor-section-height-default\" data-id=\"ee5bcad\" data-element_type=\"section\" data-e-type=\"section\" data-settings=\"{&quot;_ha_eqh_enable&quot;:false}\">\n\t\t\t\t\t\t<div class=\"elementor-container elementor-column-gap-default\">\n\t\t\t\t\t<div class=\"elementor-column elementor-col-100 elementor-top-column elementor-element elementor-element-a5f45f2\" data-id=\"a5f45f2\" data-element_type=\"column\" data-e-type=\"column\">\n\t\t\t<div class=\"elementor-widget-wrap elementor-element-populated\">\n\t\t\t\t\t\t<div class=\"elementor-element elementor-element-7114dc3 elementor-widget elementor-widget-text-editor\" data-id=\"7114dc3\" data-element_type=\"widget\" data-e-type=\"widget\" data-widget_type=\"text-editor.default\">\n\t\t\t\t<div class=\"elementor-widget-container\">\n\t\t\t\t\t\t\t\t\t<p><strong>Aviso p\u00e1gina web<\/strong><\/p><p>\u00bfAcepta los t\u00e9rminos y condiciones?<\/p><p>La empresa EXPOGANADOS DE COLOMBIA SAS almacenar\u00e1 y har\u00e1 uso de sus datos personales con la exclusiva finalidad de cumplir con su objeto social de conformidad con la Ley, y as\u00ed adelantar distintos procesos internos.<\/p><p>Con la suscripci\u00f3n de este documento se entiende que autoriza la inclusi\u00f3n de sus datos personales en la base de datos de la empresa, con el fin de ser utilizados para cumplir los objetivos antes descritos.\u00a0<\/p><p><strong>Correos electr\u00f3nicos<\/strong><\/p><p>Este mensaje junto con los archivos anexos es de car\u00e1cter confidencial y privilegiado, va dirigido exclusivamente a su destinatario, quien por tal raz\u00f3n es el \u00fanico autorizado para leerlo y utilizarlo. Se encuentra prohibido retener, sustraer, ocultar, interceptar, grabar, utilizar, aprovechar, divulgar o impedir que el presente mensaje llegue a su destinatario, so pena de las sanciones penales correspondientes. Si obtiene esta transmisi\u00f3n por error, por favor destruya su contenido y avise a su remitente. El emisor no garantiza la integridad, rapidez o seguridad del presente correo, ni se responsabiliza de posibles perjuicios derivados de la captura, incorporaciones de virus o cualesquiera otras manipulaciones efectuadas por terceros. Se informa que\u00a0<strong>EXPOGANADOS DE COLOMBIA S.A.S.<\/strong>\u00a0tratar\u00e1 sus datos de acuerdo con la Pol\u00edtica de Tratamiento de Datos Personales y con la contestaci\u00f3n de un correo electr\u00f3nico se autoriza de forma inequ\u00edvoca,\u00a0expresa y previamente informada nuestra empresa a tratar sus datos personales. Para acceder, actualizar, suprimir en cualquier momento, solicitar expresamente la correcci\u00f3n y, en general, ejercer cualquier derecho en los t\u00e9rminos establecidos por la ley, dirigiendo una comunicaci\u00f3n al correo electr\u00f3nico\u00a0<a href=\"mailto:gerencia.administrativa@acevedosabogados.com\">oficialc@compras.expoganados.com<\/a>\u00a0\u00a0o por escrito a la Carrera 29 No. 45 \u2013 45 Oficina 1408 Edificio Metropolitan Business Park del Municipio de Bucaramanga, Departamento de Santander, Colombia.<\/p>\t\t\t\t\t\t\t\t<\/div>\n\t\t\t\t<\/div>\n\t\t\t\t\t<\/div>\n\t\t<\/div>\n\t\t\t\t\t<\/div>\n\t\t<\/section>\n\t\t\t\t<\/div>","protected":false},"excerpt":{"rendered":"<p>Pol\u00edticas de Privacidad Aviso p\u00e1gina web \u00bfAcepta los t\u00e9rminos y condiciones? La empresa EXPOGANADOS DE COLOMBIA SAS almacenar\u00e1 y har\u00e1 uso de sus datos personales con la exclusiva finalidad de cumplir con su objeto social de conformidad con la Ley, y as\u00ed adelantar distintos procesos internos. Con la suscripci\u00f3n de este documento se entiende que &hellip;<\/p>\n<p class=\"read-more\"> <a class=\"\" href=\"https:\/\/expoganados.com\/en\/politica-de-privacidad\/\"> <span class=\"screen-reader-text\">Privacy policy<\/span> Read More \u00bb<\/a><\/p>","protected":false},"author":1,"featured_media":0,"parent":0,"menu_order":0,"comment_status":"closed","ping_status":"closed","template":"","meta":{"site-sidebar-layout":"no-sidebar","site-content-layout":"page-builder","ast-global-header-display":"","ast-main-header-display":"","ast-hfb-above-header-display":"","ast-hfb-below-header-display":"","ast-hfb-mobile-header-display":"","site-post-title":"disabled","ast-breadcrumbs-content":"","ast-featured-img":"disabled","footer-sml-layout":"","theme-transparent-header-meta":"","adv-header-id-meta":"","stick-header-meta":"","header-above-stick-meta":"","header-main-stick-meta":"","header-below-stick-meta":"","footnotes":""},"class_list":["post-2318","page","type-page","status-publish","hentry"],"_links":{"self":[{"href":"https:\/\/expoganados.com\/en\/wp-json\/wp\/v2\/pages\/2318","targetHints":{"allow":["GET"]}}],"collection":[{"href":"https:\/\/expoganados.com\/en\/wp-json\/wp\/v2\/pages"}],"about":[{"href":"https:\/\/expoganados.com\/en\/wp-json\/wp\/v2\/types\/page"}],"author":[{"embeddable":true,"href":"https:\/\/expoganados.com\/en\/wp-json\/wp\/v2\/users\/1"}],"replies":[{"embeddable":true,"href":"https:\/\/expoganados.com\/en\/wp-json\/wp\/v2\/comments?post=2318"}],"version-history":[{"count":0,"href":"https:\/\/expoganados.com\/en\/wp-json\/wp\/v2\/pages\/2318\/revisions"}],"wp:attachment":[{"href":"https:\/\/expoganados.com\/en\/wp-json\/wp\/v2\/media?parent=2318"}],"curies":[{"name":"wp","href":"https:\/\/api.w.org\/{rel}","templated":true}]}}