{"id":1178,"date":"2022-07-17T19:55:34","date_gmt":"2022-07-18T00:55:34","guid":{"rendered":"https:\/\/expoganados.com\/?page_id=1178"},"modified":"2024-04-12T10:46:27","modified_gmt":"2024-04-12T15:46:27","slug":"linea-etica","status":"publish","type":"page","link":"https:\/\/expoganados.com\/en\/ethics-hotline\/","title":{"rendered":"Ethics Hotline"},"content":{"rendered":"<div data-elementor-type=\"wp-page\" data-elementor-id=\"1178\" class=\"elementor elementor-1178\" data-elementor-settings=\"{&quot;ha_cmc_init_switcher&quot;:&quot;no&quot;}\" data-elementor-post-type=\"page\">\n\t\t\t\t\t\t<section class=\"elementor-section elementor-top-section elementor-element elementor-element-3dd8089 elementor-section-boxed elementor-section-height-default elementor-section-height-default\" data-id=\"3dd8089\" data-element_type=\"section\" data-e-type=\"section\" data-settings=\"{&quot;background_background&quot;:&quot;classic&quot;,&quot;_ha_eqh_enable&quot;:false}\">\n\t\t\t\t\t\t<div class=\"elementor-container elementor-column-gap-default\">\n\t\t\t\t\t<div class=\"elementor-column elementor-col-100 elementor-top-column elementor-element elementor-element-e9b8de4\" data-id=\"e9b8de4\" data-element_type=\"column\" data-e-type=\"column\">\n\t\t\t<div class=\"elementor-widget-wrap elementor-element-populated\">\n\t\t\t\t\t\t<div class=\"elementor-element elementor-element-9b82229 elementor-widget elementor-widget-heading\" data-id=\"9b82229\" data-element_type=\"widget\" data-e-type=\"widget\" data-widget_type=\"heading.default\">\n\t\t\t\t<div class=\"elementor-widget-container\">\n\t\t\t\t\t<h1 class=\"elementor-heading-title elementor-size-default\">Ethics Hotline<\/h1>\t\t\t\t<\/div>\n\t\t\t\t<\/div>\n\t\t\t\t<div class=\"elementor-element elementor-element-3563c08 elementor-widget elementor-widget-text-editor\" data-id=\"3563c08\" data-element_type=\"widget\" data-e-type=\"widget\" data-widget_type=\"text-editor.default\">\n\t\t\t\t<div class=\"elementor-widget-container\">\n\t\t\t\t\t\t\t\t\t<p>EXPOGANADOS DE COLOMBIA SAS thanks and invites you to use this website to consult, request guidance, and report on facts, situations, or conduct of collaborators, contractors, and other interest groups that may attempt or undermine the Code of Ethics and Conduct, regulations and best practices in the field of Fraud, Corruption, Bribery, Money Laundering, Financing of Terrorism, Financing of the proliferation of weapons of mass destruction and other source crimes (smuggling, human trafficking, kidnapping, arms trafficking, drug trafficking, etc.).<\/p>\t\t\t\t\t\t\t\t<\/div>\n\t\t\t\t<\/div>\n\t\t\t\t<div class=\"elementor-element elementor-element-8ffe11e elementor-widget elementor-widget-heading\" data-id=\"8ffe11e\" data-element_type=\"widget\" data-e-type=\"widget\" data-widget_type=\"heading.default\">\n\t\t\t\t<div class=\"elementor-widget-container\">\n\t\t\t\t\t<h2 class=\"elementor-heading-title elementor-size-default\">How to contact the Ethics Line?<\/h2>\t\t\t\t<\/div>\n\t\t\t\t<\/div>\n\t\t\t\t<section class=\"elementor-section elementor-inner-section elementor-element elementor-element-795d8af elementor-section-boxed elementor-section-height-default elementor-section-height-default\" data-id=\"795d8af\" data-element_type=\"section\" data-e-type=\"section\" data-settings=\"{&quot;_ha_eqh_enable&quot;:false}\">\n\t\t\t\t\t\t<div class=\"elementor-container elementor-column-gap-default\">\n\t\t\t\t\t<div class=\"elementor-column elementor-col-33 elementor-inner-column elementor-element elementor-element-24caf61\" data-id=\"24caf61\" data-element_type=\"column\" data-e-type=\"column\">\n\t\t\t<div class=\"elementor-widget-wrap elementor-element-populated\">\n\t\t\t\t\t\t<div class=\"elementor-element elementor-element-50b7379 elementor-view-stacked elementor-shape-circle elementor-position-block-start elementor-mobile-position-block-start elementor-widget elementor-widget-icon-box\" data-id=\"50b7379\" data-element_type=\"widget\" data-e-type=\"widget\" data-widget_type=\"icon-box.default\">\n\t\t\t\t<div class=\"elementor-widget-container\">\n\t\t\t\t\t\t\t<div class=\"elementor-icon-box-wrapper\">\n\n\t\t\t\t\t\t<div class=\"elementor-icon-box-icon\">\n\t\t\t\t<span  class=\"elementor-icon\">\n\t\t\t\t<i aria-hidden=\"true\" class=\"fas fa-envelope\"><\/i>\t\t\t\t<\/span>\n\t\t\t<\/div>\n\t\t\t\n\t\t\t\t\t\t<div class=\"elementor-icon-box-content\">\n\n\t\t\t\t\t\t\t\t\t<h3 class=\"elementor-icon-box-title\">\n\t\t\t\t\t\t<span  >\n\t\t\t\t\t\t\tEmail Address\t\t\t\t\t\t<\/span>\n\t\t\t\t\t<\/h3>\n\t\t\t\t\n\t\t\t\t\t\t\t\t\t<p class=\"elementor-icon-box-description\">\n\t\t\t\t\t\toficialc@compras.expoganados.com\n\n<\/br>We receive cases 7 days a week, 24 hours a day.\t\t\t\t\t<\/p>\n\t\t\t\t\n\t\t\t<\/div>\n\t\t\t\n\t\t<\/div>\n\t\t\t\t\t\t<\/div>\n\t\t\t\t<\/div>\n\t\t\t\t\t<\/div>\n\t\t<\/div>\n\t\t\t\t<div class=\"elementor-column elementor-col-33 elementor-inner-column elementor-element elementor-element-df67ef7\" data-id=\"df67ef7\" data-element_type=\"column\" data-e-type=\"column\">\n\t\t\t<div class=\"elementor-widget-wrap elementor-element-populated\">\n\t\t\t\t\t\t<div class=\"elementor-element elementor-element-04448f9 elementor-view-stacked elementor-shape-circle elementor-position-block-start elementor-mobile-position-block-start elementor-widget elementor-widget-icon-box\" data-id=\"04448f9\" data-element_type=\"widget\" data-e-type=\"widget\" data-widget_type=\"icon-box.default\">\n\t\t\t\t<div class=\"elementor-widget-container\">\n\t\t\t\t\t\t\t<div class=\"elementor-icon-box-wrapper\">\n\n\t\t\t\t\t\t<div class=\"elementor-icon-box-icon\">\n\t\t\t\t<span  class=\"elementor-icon\">\n\t\t\t\t<i aria-hidden=\"true\" class=\"hm hm-support-call\"><\/i>\t\t\t\t<\/span>\n\t\t\t<\/div>\n\t\t\t\n\t\t\t\t\t\t<div class=\"elementor-icon-box-content\">\n\n\t\t\t\t\t\t\t\t\t<h3 class=\"elementor-icon-box-title\">\n\t\t\t\t\t\t<span  >\n\t\t\t\t\t\t\tPhone and WhatsApp\t\t\t\t\t\t<\/span>\n\t\t\t\t\t<\/h3>\n\t\t\t\t\n\t\t\t\t\t\t\t\t\t<p class=\"elementor-icon-box-description\">\n\t\t\t\t\t\t+57 3165285110 <\/br>\nOpening hours Monday to Friday from 7:00 am to 12:00 pm and from 1:00 pm to 5:00 pm\t\t\t\t\t<\/p>\n\t\t\t\t\n\t\t\t<\/div>\n\t\t\t\n\t\t<\/div>\n\t\t\t\t\t\t<\/div>\n\t\t\t\t<\/div>\n\t\t\t\t\t<\/div>\n\t\t<\/div>\n\t\t\t\t<div class=\"elementor-column elementor-col-33 elementor-inner-column elementor-element elementor-element-c9a59f8\" data-id=\"c9a59f8\" data-element_type=\"column\" data-e-type=\"column\">\n\t\t\t<div class=\"elementor-widget-wrap elementor-element-populated\">\n\t\t\t\t\t\t<div class=\"elementor-element elementor-element-daf8e1d elementor-view-stacked elementor-shape-circle elementor-position-block-start elementor-mobile-position-block-start elementor-widget elementor-widget-icon-box\" data-id=\"daf8e1d\" data-element_type=\"widget\" data-e-type=\"widget\" data-widget_type=\"icon-box.default\">\n\t\t\t\t<div class=\"elementor-widget-container\">\n\t\t\t\t\t\t\t<div class=\"elementor-icon-box-wrapper\">\n\n\t\t\t\t\t\t<div class=\"elementor-icon-box-icon\">\n\t\t\t\t<a href=\"#form\" class=\"elementor-icon\" tabindex=\"-1\" aria-label=\"Online Form\">\n\t\t\t\t<i aria-hidden=\"true\" class=\"hm hm-form\"><\/i>\t\t\t\t<\/a>\n\t\t\t<\/div>\n\t\t\t\n\t\t\t\t\t\t<div class=\"elementor-icon-box-content\">\n\n\t\t\t\t\t\t\t\t\t<h3 class=\"elementor-icon-box-title\">\n\t\t\t\t\t\t<a href=\"#form\" >\n\t\t\t\t\t\t\tOnline Form\t\t\t\t\t\t<\/a>\n\t\t\t\t\t<\/h3>\n\t\t\t\t\n\t\t\t\t\n\t\t\t<\/div>\n\t\t\t\n\t\t<\/div>\n\t\t\t\t\t\t<\/div>\n\t\t\t\t<\/div>\n\t\t\t\t\t<\/div>\n\t\t<\/div>\n\t\t\t\t\t<\/div>\n\t\t<\/section>\n\t\t\t\t<div class=\"elementor-element elementor-element-aac3663 elementor-widget elementor-widget-heading\" data-id=\"aac3663\" data-element_type=\"widget\" data-e-type=\"widget\" id=\"form\" data-widget_type=\"heading.default\">\n\t\t\t\t<div class=\"elementor-widget-container\">\n\t\t\t\t\t<h2 class=\"elementor-heading-title elementor-size-default\">Online Form<\/h2>\t\t\t\t<\/div>\n\t\t\t\t<\/div>\n\t\t\t\t<div class=\"elementor-element elementor-element-8c4f7f4 elementor-widget elementor-widget-text-editor\" data-id=\"8c4f7f4\" data-element_type=\"widget\" data-e-type=\"widget\" data-widget_type=\"text-editor.default\">\n\t\t\t\t<div class=\"elementor-widget-container\">\n\t\t\t\t\t\t\t\t\t<p><strong>Recommendations:<\/strong><\/p><p>Below, you can access the form to make your report, in which you can identify yourself as a whistleblower or do so anonymously.<\/p><p>Do not use this site to report events that pose an immediate threat to life or property; nor use it to report Petitions, Complaints, or Claims (PQR's) associated with the operation of EXPOGANADOS DE COLOMBIA SAS.<\/p><p>The personal data listed in the form will be processed in accordance with the policy and the law on the Processing of Personal Data, so by entering, you are expressly authorizing EXPOGANADOS DE COLOMBIA SAS to process your data in order to analyze the complaint made.<\/p>\t\t\t\t\t\t\t\t<\/div>\n\t\t\t\t<\/div>\n\t\t\t\t<section class=\"elementor-section elementor-inner-section elementor-element elementor-element-1eb58d6 elementor-section-content-middle elementor-section-boxed elementor-section-height-default elementor-section-height-default\" data-id=\"1eb58d6\" data-element_type=\"section\" data-e-type=\"section\" data-settings=\"{&quot;background_background&quot;:&quot;classic&quot;,&quot;_ha_eqh_enable&quot;:false}\">\n\t\t\t\t\t\t<div class=\"elementor-container elementor-column-gap-wider\">\n\t\t\t\t\t<div class=\"elementor-column elementor-col-100 elementor-inner-column elementor-element elementor-element-1953946\" data-id=\"1953946\" data-element_type=\"column\" data-e-type=\"column\">\n\t\t\t<div class=\"elementor-widget-wrap elementor-element-populated\">\n\t\t\t\t\t\t<div class=\"elementor-element elementor-element-1363e02 elementor-widget elementor-widget-shortcode\" data-id=\"1363e02\" data-element_type=\"widget\" data-e-type=\"widget\" data-widget_type=\"shortcode.default\">\n\t\t\t\t<div class=\"elementor-widget-container\">\n\t\t\t\t\t\t\t<div class=\"elementor-shortcode\"><div class='fluentform fluentform_wrapper_3'><form data-form_id=\"3\" id=\"fluentform_3\" class=\"frm-fluent-form fluent_form_3 ff-el-form-top ff_form_instance_3_1 ff-form-loading\" data-form_instance=\"ff_form_instance_3_1\" method=\"POST\" action=\"\" ><fieldset style=\"border: none!important;margin: 0!important;padding: 0!important;background-color: transparent!important;box-shadow: none!important;outline: none!important; min-inline-size: 100%;\">\n                    <legend class=\"ff_screen_reader_title\" style=\"display: block; margin: 0!important;padding: 0!important;height: 0!important;text-indent: -999999px;width: 0!important;\">Conversational Form (#3)<\/legend><input type='hidden' name='__fluent_form_embded_post_id' value='1178' \/><input type=\"hidden\" id=\"_fluentform_3_fluentformnonce\" name=\"_fluentform_3_fluentformnonce\" value=\"869c495885\" \/><input type=\"hidden\" name=\"_wp_http_referer\" value=\"\/en\/wp-json\/wp\/v2\/pages\/1178\" \/><div class='ff-el-group'><div class=\"ff-el-input--label ff-el-is-required asterisk-right\"><label for='ff_3_input_text_1' aria-label=\"Subject (Complaint, Dilemma, Consultation)\">Subject (Complaint, Dilemma, Consultation)<\/label> <\/div><div class='ff-el-input--content'><input type=\"text\" name=\"input_text_1\" class=\"ff-el-form-control\" data-name=\"input_text_1\" id=\"ff_3_input_text_1\"  aria-invalid=\"false\" aria-required=\"true\"><\/div><\/div><div class='ff-el-group'><div class=\"ff-el-input--label ff-el-is-required asterisk-right\"><label  aria-label=\"Charecterization of the Adverse Event\">Charecterization of the Adverse Event<\/label> <\/div><div class='ff-el-input--content'><div class='ff-el-form-check ff-el-form-check-'><label class='ff-el-form-check-label' for=\"input_radio_be4b3843ae2450d2ebc3c3aab35dce65\"><input type=\"radio\" name=\"input_radio\" data-name=\"input_radio\" class=\"ff-el-form-check-input ff-el-form-check-radio\" value=\"Otras faltas al reglamento interno de trabajo.\"  id='input_radio_be4b3843ae2450d2ebc3c3aab35dce65' aria-label='Other breaches of the internal work regulations.' aria-invalid='false' aria-required=\"true\"> <span class='ff_span'>Other breaches of the internal work regulations.<\/span><\/label><\/div><div class='ff-el-form-check ff-el-form-check-'><label class='ff-el-form-check-label' for=\"input_radio_4558f1be7e8825786fe1148af008071b\"><input type=\"radio\" name=\"input_radio\" data-name=\"input_radio\" class=\"ff-el-form-check-input ff-el-form-check-radio\" value=\"Adulteraci\u00f3n de informaci\u00f3n (contable, operativa, financiera, documentos legales, entre otros).\"  id='input_radio_4558f1be7e8825786fe1148af008071b' aria-label='Adulteration of information (accounting, operational, financial, and legal documents, among others).' aria-invalid='false' aria-required=\"true\"> <span class='ff_span'>Adulteration of information (accounting, operational, financial, and legal documents, among others).<\/span><\/label><\/div><div class='ff-el-form-check ff-el-form-check-'><label class='ff-el-form-check-label' for=\"input_radio_ce8379db7795bc7f38949011298c4ac7\"><input type=\"radio\" name=\"input_radio\" data-name=\"input_radio\" class=\"ff-el-form-check-input ff-el-form-check-radio\" value=\"Actuaciones de abuso de poder, favoritismo, amenazas, represalias y comportamiento indebido por parte de: i) Empleados\/colaboradores en general ii) Directores, Coordinadores de \u00e1reas, l\u00edderes iii) Gerentes iv) Otros.\"  id='input_radio_ce8379db7795bc7f38949011298c4ac7' aria-label='Actions of abuse of power, favoritism, threats, retaliation, and improper behavior by: i) Employees\/collaborators in general ii) Directors, Area Coordinators, leaders iii) Managers iv) Others.' aria-invalid='false' aria-required=\"true\"> <span class='ff_span'>Actions of abuse of power, favoritism, threats, retaliation, and improper behavior by: i) Employees\/collaborators in general ii) Directors, Area Coordinators, leaders iii) Managers iv) Others.<\/span><\/label><\/div><div class='ff-el-form-check ff-el-form-check-'><label class='ff-el-form-check-label' for=\"input_radio_201d8bcdff32b123848c0aae57c5510d\"><input type=\"radio\" name=\"input_radio\" data-name=\"input_radio\" class=\"ff-el-form-check-input ff-el-form-check-radio\" value=\"Acuerdo con proveedores y\/o clientes (dar y\/o recibir sobornos, chantajes, tr\u00e1fico de influencias, pago de comisiones, entre otros.).\"  id='input_radio_201d8bcdff32b123848c0aae57c5510d' aria-label='Agreement with suppliers and\/or customers (giving and\/or receiving bribes, blackmail, influence peddling, payment of commissions, among others.).' aria-invalid='false' aria-required=\"true\"> <span class='ff_span'>Agreement with suppliers and\/or customers (giving and\/or receiving bribes, blackmail, influence peddling, payment of commissions, among others.).<\/span><\/label><\/div><div class='ff-el-form-check ff-el-form-check-'><label class='ff-el-form-check-label' for=\"input_radio_d705a72e98493c816fc15760a4c8970f\"><input type=\"radio\" name=\"input_radio\" data-name=\"input_radio\" class=\"ff-el-form-check-input ff-el-form-check-radio\" value=\"Robo o sustracci\u00f3n de bienes, valores e informaci\u00f3n interna de EXPOGANADOS DE COLOMBIA SAS.\"  id='input_radio_d705a72e98493c816fc15760a4c8970f' aria-label='Theft or theft of goods, securities, and internal information of EXPOGANADOS DE COLOMBIA SAS.' aria-invalid='false' aria-required=\"true\"> <span class='ff_span'>Theft or theft of goods, securities, and internal information of EXPOGANADOS DE COLOMBIA SAS.<\/span><\/label><\/div><div class='ff-el-form-check ff-el-form-check-'><label class='ff-el-form-check-label' for=\"input_radio_9ffdbd9f8dcf0cc8c19c263f58538cf2\"><input type=\"radio\" name=\"input_radio\" data-name=\"input_radio\" class=\"ff-el-form-check-input ff-el-form-check-radio\" value=\"Jineteo de efectivo, gastos y\/o compras sin autorizaci\u00f3n.\"  id='input_radio_9ffdbd9f8dcf0cc8c19c263f58538cf2' aria-label='Cash short-term theft, expenses and\/or purchases without authorization.' aria-invalid='false' aria-required=\"true\"> <span class='ff_span'>Cash short-term theft, expenses and\/or purchases without authorization.<\/span><\/label><\/div><div class='ff-el-form-check ff-el-form-check-'><label class='ff-el-form-check-label' for=\"input_radio_da50042243941651dfb37a8d2981e537\"><input type=\"radio\" name=\"input_radio\" data-name=\"input_radio\" class=\"ff-el-form-check-input ff-el-form-check-radio\" value=\"Conductas o alertas relacionadas al Lavado de Activos, Financiaci\u00f3n al Terrorismo o sus delitos fuente.\"  id='input_radio_da50042243941651dfb37a8d2981e537' aria-label='Conduct or alerts related to Money Laundering, Terrorist Financing, or their source crimes.' aria-invalid='false' aria-required=\"true\"> <span class='ff_span'>Conduct or alerts related to Money Laundering, Terrorist Financing, or their source crimes.<\/span><\/label><\/div><div class='ff-el-form-check ff-el-form-check-'><label class='ff-el-form-check-label' for=\"input_radio_d80382a4b37dbd7f5de3423ef44f3042\"><input type=\"radio\" name=\"input_radio\" data-name=\"input_radio\" class=\"ff-el-form-check-input ff-el-form-check-radio\" value=\"Inobservancia o elusi\u00f3n de controles internos de EXPOGANADOS DE COLOMBIA SAS.\"  id='input_radio_d80382a4b37dbd7f5de3423ef44f3042' aria-label='Non-observance or circumvention of internal controls of EXPOGANADOS DE COLOMBIA SAS.' aria-invalid='false' aria-required=\"true\"> <span class='ff_span'>Non-observance or circumvention of internal controls of EXPOGANADOS DE COLOMBIA SAS.<\/span><\/label><\/div><div class='ff-el-form-check ff-el-form-check-'><label class='ff-el-form-check-label' for=\"input_radio_5074d86d4da6341951503bec8bdc3ce4\"><input type=\"radio\" name=\"input_radio\" data-name=\"input_radio\" class=\"ff-el-form-check-input ff-el-form-check-radio\" value=\"Otros que considere importante denunciar.\"  id='input_radio_5074d86d4da6341951503bec8bdc3ce4' aria-label='Others that you consider important to report.' aria-invalid='false' aria-required=\"true\"> <span class='ff_span'>Others that you consider important to report.<\/span><\/label><\/div><\/div><\/div><div class='ff-el-group'><div class=\"ff-el-input--label ff-el-is-required asterisk-right\"><label for='ff_3_description_1' aria-label=\"Event Description\">Event Description<\/label> <\/div><div class='ff-el-input--content'><textarea aria-invalid=\"false\" aria-required=\"true\" name=\"description_1\" id=\"ff_3_description_1\" class=\"ff-el-form-control\" rows=\"3\" cols=\"2\" data-name=\"description_1\" ><\/textarea><\/div><\/div><div class='ff-el-group'><div class=\"ff-el-input--label ff-el-is-required asterisk-right\"><label for='ff_3_description' aria-label=\"Message\">Message<\/label> <div class=\"ff-el-tooltip\" data-content=\"Por favor, ind\u00edquenos los detalles de su consulta\"><svg width=\"16\" height=\"16\" viewbox=\"0 0 25 25\"><path d=\"m329 393l0-46c0-2-1-4-2-6-2-2-4-3-7-3l-27 0 0-146c0-3-1-5-3-7-2-1-4-2-7-2l-91 0c-3 0-5 1-7 2-1 2-2 4-2 7l0 46c0 2 1 5 2 6 2 2 4 3 7 3l27 0 0 91-27 0c-3 0-5 1-7 3-1 2-2 4-2 6l0 46c0 3 1 5 2 7 2 1 4 2 7 2l128 0c3 0 5-1 7-2 1-2 2-4 2-7z m-36-256l0-46c0-2-1-4-3-6-2-2-4-3-7-3l-54 0c-3 0-5 1-7 3-2 2-3 4-3 6l0 46c0 3 1 5 3 7 2 1 4 2 7 2l54 0c3 0 5-1 7-2 2-2 3-4 3-7z m182 119c0 40-9 77-29 110-20 34-46 60-80 80-33 20-70 29-110 29-40 0-77-9-110-29-34-20-60-46-80-80-20-33-29-70-29-110 0-40 9-77 29-110 20-34 46-60 80-80 33-20 70-29 110-29 40 0 77 9 110 29 34 20 60 46 80 80 20 33 29 70 29 110z\" transform=\"scale(0.046875 0.046875)\"><\/path><\/svg><\/div><\/div><div class='ff-el-input--content'><textarea aria-invalid=\"false\" aria-required=\"true\" name=\"description\" id=\"ff_3_description\" class=\"ff-el-form-control\" rows=\"3\" cols=\"2\" data-name=\"description\" ><\/textarea><\/div><\/div><div class='ff-el-group ff-text-left ff_submit_btn_wrapper'><button type=\"submit\" class=\"ff-btn ff-btn-submit ff-btn-md ff_btn_style\" >Send<\/button><\/div><\/fieldset><input type=\"hidden\" name=\"trp-form-language\" value=\"en\"\/><\/form><div id='fluentform_3_errors' class='ff-errors-in-stack ff_form_instance_3_1 ff-form-loading_errors ff_form_instance_3_1_errors'><\/div><\/div>        <script type=\"text\/javascript\">\n            window.fluent_form_ff_form_instance_3_1 = {\"id\":\"3\",\"settings\":{\"layout\":{\"labelPlacement\":\"top\",\"helpMessagePlacement\":\"with_label\",\"errorMessagePlacement\":\"inline\",\"asteriskPlacement\":\"asterisk-right\"},\"restrictions\":{\"denyEmptySubmission\":{\"enabled\":false}}},\"form_instance\":\"ff_form_instance_3_1\",\"form_id_selector\":\"fluentform_3\",\"rules\":{\"input_text_1\":{\"required\":{\"value\":true,\"message\":\"Este campo es requerido\"}},\"input_radio\":{\"required\":{\"value\":true,\"message\":\"Este campo es obligatorio\"}},\"description_1\":{\"required\":{\"value\":true,\"message\":\"Este campo es requerido\"}},\"description\":{\"required\":{\"value\":true,\"message\":\"Este campo es requerido\"}}}};\n                    <\/script>\n                    <\/div>\n\t\t\t\t\t\t<\/div>\n\t\t\t\t<\/div>\n\t\t\t\t\t<\/div>\n\t\t<\/div>\n\t\t\t\t\t<\/div>\n\t\t<\/section>\n\t\t\t\t\t<\/div>\n\t\t<\/div>\n\t\t\t\t\t<\/div>\n\t\t<\/section>\n\t\t\t\t<\/div>","protected":false},"excerpt":{"rendered":"<p>L\u00ednea \u00c9tica EXPOGANADOS DE COLOMBIA SAS agradece e invita a que se haga uso de este sitio web para consultar, solicitar orientaci\u00f3n y\/o informar sobre hechos, situaciones o conductas de colaboradores, contratistas y dem\u00e1s grupos de inter\u00e9s que puedan atentar o atenten contra el C\u00f3digo de \u00c9tica y Conducta, la normativa y las mejores pr\u00e1cticas &hellip;<\/p>\n<p class=\"read-more\"> <a class=\"\" href=\"https:\/\/expoganados.com\/en\/ethics-hotline\/\"> <span class=\"screen-reader-text\">Ethics Hotline<\/span> Read More \u00bb<\/a><\/p>","protected":false},"author":1,"featured_media":0,"parent":0,"menu_order":0,"comment_status":"closed","ping_status":"closed","template":"","meta":{"site-sidebar-layout":"no-sidebar","site-content-layout":"page-builder","ast-global-header-display":"","ast-main-header-display":"","ast-hfb-above-header-display":"","ast-hfb-below-header-display":"","ast-hfb-mobile-header-display":"","site-post-title":"disabled","ast-breadcrumbs-content":"","ast-featured-img":"disabled","footer-sml-layout":"","theme-transparent-header-meta":"","adv-header-id-meta":"","stick-header-meta":"","header-above-stick-meta":"","header-main-stick-meta":"","header-below-stick-meta":"","footnotes":""},"class_list":["post-1178","page","type-page","status-publish","hentry"],"_links":{"self":[{"href":"https:\/\/expoganados.com\/en\/wp-json\/wp\/v2\/pages\/1178","targetHints":{"allow":["GET"]}}],"collection":[{"href":"https:\/\/expoganados.com\/en\/wp-json\/wp\/v2\/pages"}],"about":[{"href":"https:\/\/expoganados.com\/en\/wp-json\/wp\/v2\/types\/page"}],"author":[{"embeddable":true,"href":"https:\/\/expoganados.com\/en\/wp-json\/wp\/v2\/users\/1"}],"replies":[{"embeddable":true,"href":"https:\/\/expoganados.com\/en\/wp-json\/wp\/v2\/comments?post=1178"}],"version-history":[{"count":0,"href":"https:\/\/expoganados.com\/en\/wp-json\/wp\/v2\/pages\/1178\/revisions"}],"wp:attachment":[{"href":"https:\/\/expoganados.com\/en\/wp-json\/wp\/v2\/media?parent=1178"}],"curies":[{"name":"wp","href":"https:\/\/api.w.org\/{rel}","templated":true}]}}